{"id":35,"date":"2014-04-10T22:52:02","date_gmt":"2014-04-10T19:52:02","guid":{"rendered":"http:\/\/helppia.fi\/spatialworld\/?page_id=35"},"modified":"2022-01-24T19:03:03","modified_gmt":"2022-01-24T17:03:03","slug":"smallworld-asiakkaat","status":"publish","type":"page","link":"https:\/\/spatialworld.fi\/sv\/smallworld\/smallworld-asiakkaat\/","title":{"rendered":"Smallworld kunder"},"content":{"rendered":"<h4>Smallworld-kunder<\/h4>\n<p>V\u00e5ra kunder anv\u00e4nder Smallworlds produkter f\u00f6r att planera, konstruera, bygga, driva, underh\u00e5lla och kontrollera komplexa f\u00f6rs\u00f6rjningsn\u00e4t. V\u00e5ra kunder kan delas in i f\u00f6ljande kategorier:<\/p>\n<p>&nbsp;<\/p>\n<ul>\n<li>Utility Network Solutions. Integrerade applikationer f\u00f6r planering och underh\u00e5ll av transmissions och distributionsn\u00e4t f\u00f6r El, och gas, fj\u00e4rrv\u00e4rme, vatten och avlopp.<\/li>\n<li>Communications Network Solutions. \u00c4nd-till-\u00e4nd l\u00f6sningar f\u00f6r telekommunikationsn\u00e4t som kombinerar intern och extern anl\u00e4ggningsdata med fysiska och logiska n\u00e4t.<\/li>\n<li>GIS Solutions. Smallworld GIS \u00e4r en mycket effektiv utvecklingsmilj\u00f6 f\u00f6r olika branschers behov. L\u00f6sningen tillhandah\u00e5ller f\u00e4rdiga kraftfulla applikationsutvecklingsverktyg f\u00f6r att skapa skr\u00e4ddarsydda applikationer.<\/li>\n<\/ul>\n<p>&nbsp;<\/p>\n<p>V\u00e5ra kunder har ett st\u00e4ndigt \u00f6kande behov av geografisk information, snabba f\u00f6r\u00e4ndringar i arbetsmilj\u00f6n och ett \u00f6kande behov av integrerade system, detta skapar nya krav p\u00e5 moderna GIS-applikationer. Smallworld m\u00f6ter dessa utmaningar genom att tillhandah\u00e5lla \u00f6ppen och skalbar applikationsarkitektur s\u00e5v\u00e4l som snabb applikationsutveckling.","protected":false},"excerpt":{"rendered":"<p>Smallworld-kunder V\u00e5ra kunder anv\u00e4nder Smallworlds produkter f\u00f6r att planera, konstruera, bygga, driva, underh\u00e5lla och kontrollera komplexa f\u00f6rs\u00f6rjningsn\u00e4t. V\u00e5ra kunder kan delas in i f\u00f6ljande kategorier: &nbsp; Utility Network Solutions. Integrerade&#8230;<\/p>\n","protected":false},"author":2,"featured_media":0,"parent":10,"menu_order":4,"comment_status":"open","ping_status":"closed","template":"","meta":{"footnotes":""},"class_list":["post-35","page","type-page","status-publish"],"yoast_head":"<!-- This site is optimized with the Yoast SEO plugin v27.4 - https:\/\/yoast.com\/product\/yoast-seo-wordpress\/ -->\n<title>Smallworld kunder<\/title>\n<meta name=\"robots\" content=\"index, follow, max-snippet:-1, max-image-preview:large, max-video-preview:-1\" \/>\n<link rel=\"canonical\" href=\"https:\/\/spatialworld.fi\/sv\/smallworld\/smallworld-asiakkaat\/\" \/>\n<meta property=\"og:locale\" content=\"sv_SE\" \/>\n<meta property=\"og:type\" content=\"article\" \/>\n<meta property=\"og:title\" content=\"Smallworld kunder\" \/>\n<meta property=\"og:description\" content=\"Smallworld-kunder V\u00e5ra kunder anv\u00e4nder Smallworlds produkter f\u00f6r att planera, konstruera, bygga, driva, underh\u00e5lla och kontrollera komplexa f\u00f6rs\u00f6rjningsn\u00e4t. V\u00e5ra kunder kan delas in i f\u00f6ljande kategorier: &nbsp; Utility Network Solutions. Integrerade...\" \/>\n<meta property=\"og:url\" content=\"https:\/\/spatialworld.fi\/sv\/smallworld\/smallworld-asiakkaat\/\" \/>\n<meta property=\"og:site_name\" content=\"Spatialworld Oy\" \/>\n<meta property=\"article:modified_time\" content=\"2022-01-24T17:03:03+00:00\" \/>\n<meta name=\"twitter:label1\" content=\"Ber\u00e4knad l\u00e4stid\" \/>\n\t<meta name=\"twitter:data1\" content=\"1 minut\" \/>\n<script type=\"application\/ld+json\" class=\"yoast-schema-graph\">{\"@context\":\"https:\\\/\\\/schema.org\",\"@graph\":[{\"@type\":\"WebPage\",\"@id\":\"https:\\\/\\\/spatialworld.fi\\\/sv\\\/smallworld\\\/smallworld-asiakkaat\\\/\",\"url\":\"https:\\\/\\\/spatialworld.fi\\\/sv\\\/smallworld\\\/smallworld-asiakkaat\\\/\",\"name\":\"Smallworld kunder\",\"isPartOf\":{\"@id\":\"https:\\\/\\\/spatialworld.fi\\\/sv\\\/#website\"},\"datePublished\":\"2014-04-10T19:52:02+00:00\",\"dateModified\":\"2022-01-24T17:03:03+00:00\",\"breadcrumb\":{\"@id\":\"https:\\\/\\\/spatialworld.fi\\\/sv\\\/smallworld\\\/smallworld-asiakkaat\\\/#breadcrumb\"},\"inLanguage\":\"sv-SE\",\"potentialAction\":[{\"@type\":\"ReadAction\",\"target\":[[\"https:\\\/\\\/spatialworld.fi\\\/sv\\\/smallworld\\\/smallworld-asiakkaat\\\/\"]]}]},{\"@type\":\"BreadcrumbList\",\"@id\":\"https:\\\/\\\/spatialworld.fi\\\/sv\\\/smallworld\\\/smallworld-asiakkaat\\\/#breadcrumb\",\"itemListElement\":[{\"@type\":\"ListItem\",\"position\":1,\"name\":\"Home\",\"item\":\"https:\\\/\\\/spatialworld.fi\\\/sv\\\/\"},{\"@type\":\"ListItem\",\"position\":2,\"name\":\"Smallworld\",\"item\":\"https:\\\/\\\/spatialworld.fi\\\/sv\\\/smallworld\\\/\"},{\"@type\":\"ListItem\",\"position\":3,\"name\":\"Smallworld Customers\"}]},{\"@type\":\"WebSite\",\"@id\":\"https:\\\/\\\/spatialworld.fi\\\/sv\\\/#website\",\"url\":\"https:\\\/\\\/spatialworld.fi\\\/sv\\\/\",\"name\":\"Spatialworld Oy\",\"description\":\"\",\"potentialAction\":[{\"@type\":\"SearchAction\",\"target\":{\"@type\":\"EntryPoint\",\"urlTemplate\":\"https:\\\/\\\/spatialworld.fi\\\/sv\\\/?s={search_term_string}\"},\"query-input\":{\"@type\":\"PropertyValueSpecification\",\"valueRequired\":true,\"valueName\":\"search_term_string\"}}],\"inLanguage\":\"sv-SE\"}]}<\/script>\n<!-- \/ Yoast SEO plugin. -->","yoast_head_json":{"title":"Smallworld kunder","robots":{"index":"index","follow":"follow","max-snippet":"max-snippet:-1","max-image-preview":"max-image-preview:large","max-video-preview":"max-video-preview:-1"},"canonical":"https:\/\/spatialworld.fi\/sv\/smallworld\/smallworld-asiakkaat\/","og_locale":"sv_SE","og_type":"article","og_title":"Smallworld kunder","og_description":"Smallworld-kunder V\u00e5ra kunder anv\u00e4nder Smallworlds produkter f\u00f6r att planera, konstruera, bygga, driva, underh\u00e5lla och kontrollera komplexa f\u00f6rs\u00f6rjningsn\u00e4t. V\u00e5ra kunder kan delas in i f\u00f6ljande kategorier: &nbsp; Utility Network Solutions. Integrerade...","og_url":"https:\/\/spatialworld.fi\/sv\/smallworld\/smallworld-asiakkaat\/","og_site_name":"Spatialworld Oy","article_modified_time":"2022-01-24T17:03:03+00:00","twitter_misc":{"Ber\u00e4knad l\u00e4stid":"1 minut"},"schema":{"@context":"https:\/\/schema.org","@graph":[{"@type":"WebPage","@id":"https:\/\/spatialworld.fi\/sv\/smallworld\/smallworld-asiakkaat\/","url":"https:\/\/spatialworld.fi\/sv\/smallworld\/smallworld-asiakkaat\/","name":"Smallworld kunder","isPartOf":{"@id":"https:\/\/spatialworld.fi\/sv\/#website"},"datePublished":"2014-04-10T19:52:02+00:00","dateModified":"2022-01-24T17:03:03+00:00","breadcrumb":{"@id":"https:\/\/spatialworld.fi\/sv\/smallworld\/smallworld-asiakkaat\/#breadcrumb"},"inLanguage":"sv-SE","potentialAction":[{"@type":"ReadAction","target":[["https:\/\/spatialworld.fi\/sv\/smallworld\/smallworld-asiakkaat\/"]]}]},{"@type":"BreadcrumbList","@id":"https:\/\/spatialworld.fi\/sv\/smallworld\/smallworld-asiakkaat\/#breadcrumb","itemListElement":[{"@type":"ListItem","position":1,"name":"Home","item":"https:\/\/spatialworld.fi\/sv\/"},{"@type":"ListItem","position":2,"name":"Smallworld","item":"https:\/\/spatialworld.fi\/sv\/smallworld\/"},{"@type":"ListItem","position":3,"name":"Smallworld Customers"}]},{"@type":"WebSite","@id":"https:\/\/spatialworld.fi\/sv\/#website","url":"https:\/\/spatialworld.fi\/sv\/","name":"Spatialworld Oy","description":"","potentialAction":[{"@type":"SearchAction","target":{"@type":"EntryPoint","urlTemplate":"https:\/\/spatialworld.fi\/sv\/?s={search_term_string}"},"query-input":{"@type":"PropertyValueSpecification","valueRequired":true,"valueName":"search_term_string"}}],"inLanguage":"sv-SE"}]}},"_links":{"self":[{"href":"https:\/\/spatialworld.fi\/sv\/wp-json\/wp\/v2\/pages\/35","targetHints":{"allow":["GET"]}}],"collection":[{"href":"https:\/\/spatialworld.fi\/sv\/wp-json\/wp\/v2\/pages"}],"about":[{"href":"https:\/\/spatialworld.fi\/sv\/wp-json\/wp\/v2\/types\/page"}],"author":[{"embeddable":true,"href":"https:\/\/spatialworld.fi\/sv\/wp-json\/wp\/v2\/users\/2"}],"replies":[{"embeddable":true,"href":"https:\/\/spatialworld.fi\/sv\/wp-json\/wp\/v2\/comments?post=35"}],"version-history":[{"count":8,"href":"https:\/\/spatialworld.fi\/sv\/wp-json\/wp\/v2\/pages\/35\/revisions"}],"predecessor-version":[{"id":4219,"href":"https:\/\/spatialworld.fi\/sv\/wp-json\/wp\/v2\/pages\/35\/revisions\/4219"}],"up":[{"embeddable":true,"href":"https:\/\/spatialworld.fi\/sv\/wp-json\/wp\/v2\/pages\/10"}],"wp:attachment":[{"href":"https:\/\/spatialworld.fi\/sv\/wp-json\/wp\/v2\/media?parent=35"}],"curies":[{"name":"wp","href":"https:\/\/api.w.org\/{rel}","templated":true}]}}