{"id":241,"date":"2014-05-08T12:27:49","date_gmt":"2014-05-08T09:27:49","guid":{"rendered":"http:\/\/helppia.fi\/spatialworld\/?page_id=241"},"modified":"2025-06-19T15:06:34","modified_gmt":"2025-06-19T12:06:34","slug":"water-office","status":"publish","type":"page","link":"https:\/\/spatialworld.fi\/sv\/smallworld\/water-office\/","title":{"rendered":"Water Office"},"content":{"rendered":"<h3>Smallworld Water Office<\/h3>\n<p>GE Vernova:s Smallworld Water Office&#x2122; \u00e4r en del av GE Vernova:s integrerade och anpassningsbara svit av program som st\u00f6djer n\u00e4t\u00e4gande f\u00f6retag avseende drift, underh\u00e5ll och rapportering av ledningsn\u00e4ten.<\/p>\n<p>Smallworld Water Office erbjuder standardiserade anpassningsbara datamodeller och en svit av integrerade applikationer som \u00e4r grundl\u00e4ggande f\u00f6r effektiv hantering av vatten- och avloppsn\u00e4ten.<\/p>\n<p><img loading=\"lazy\" decoding=\"async\" class=\"alignright size-full wp-image-163\" src=\"https:\/\/spatialworld.fi\/wp-content\/uploads\/2014\/05\/wo_small.jpg\" alt=\"wo_small\" width=\"186\" height=\"203\" \/><\/p>\n<h4>F\u00f6rdelar<\/h4>\n<ul>\n<li>F\u00f6rkortar konstruktionsfasen upp till 80% vilket minskar installations- och administrationskostnader<\/li>\n<li>Enkel att anpassa<\/li>\n<li>Maximerar nyttan av er GIS-data investering<\/li>\n<li>Leder till ett produktivt och standardiserat arbetss\u00e4tt<\/li>\n<li>\u00d6kad effektivitet och minskad rapporteringstid<\/li>\n<li>St\u00f6djer processer fr\u00e5n kontoret till f\u00e4lt<\/li>\n<li>Integreras i andra aff\u00e4rssystem<\/li>\n<li>L\u00e4gre total \u00e4gandekostnad genom enkla integrationer<\/li>\n<li>F\u00f6renklade uppgraderingar<\/li>\n<li>Uppfyller internationella branschstandarder<\/li>\n<li>Ger en Geospatiell plattform f\u00f6r SmartGrid-strategier<\/li>\n<\/ul>\n<p><a href=\"https:\/\/spatialworld.fi\/contact\/\">Kontakta oss<\/a> g\u00e4rna f\u00f6r mer information om Smallworld Water Office&#x2122;<\/p>\n<p><a href=\"https:\/\/spatialworld.fi\/wp-content\/uploads\/2014\/documents\/smallworld\/wo_fact_sheet.pdf\" target=\"_blank\" rel=\"noopener\"><img loading=\"lazy\" decoding=\"async\" class=\"alignleft size-full wp-image-87\" src=\"https:\/\/spatialworld.fi\/wp-content\/uploads\/2014\/04\/acrobat_pdf_icon.jpg\" alt=\"\" width=\"20\" height=\"20\" \/>Ladda ner Smallworld Water Office Brochure (PDF, 1.2MB)<\/a>","protected":false},"excerpt":{"rendered":"<p>Smallworld Water Office GE Vernova:s Smallworld Water Office&#x2122; \u00e4r en del av GE Vernova:s integrerade och anpassningsbara svit av program som st\u00f6djer n\u00e4t\u00e4gande f\u00f6retag avseende drift, underh\u00e5ll och rapportering av&#8230;<\/p>\n","protected":false},"author":2,"featured_media":0,"parent":10,"menu_order":7,"comment_status":"open","ping_status":"closed","template":"","meta":{"footnotes":""},"class_list":["post-241","page","type-page","status-publish"],"yoast_head":"<!-- This site is optimized with the Yoast SEO plugin v27.4 - https:\/\/yoast.com\/product\/yoast-seo-wordpress\/ -->\n<title>Water Office<\/title>\n<meta name=\"robots\" content=\"index, follow, max-snippet:-1, max-image-preview:large, max-video-preview:-1\" \/>\n<link rel=\"canonical\" href=\"https:\/\/spatialworld.fi\/sv\/smallworld\/water-office\/\" \/>\n<meta property=\"og:locale\" content=\"sv_SE\" \/>\n<meta property=\"og:type\" content=\"article\" \/>\n<meta property=\"og:title\" content=\"Water Office\" \/>\n<meta property=\"og:description\" content=\"Smallworld Water Office GE Vernova:s Smallworld Water Office&#x2122; \u00e4r en del av GE Vernova:s integrerade och anpassningsbara svit av program som st\u00f6djer n\u00e4t\u00e4gande f\u00f6retag avseende drift, underh\u00e5ll och rapportering av...\" \/>\n<meta property=\"og:url\" content=\"https:\/\/spatialworld.fi\/sv\/smallworld\/water-office\/\" \/>\n<meta property=\"og:site_name\" content=\"Spatialworld Oy\" \/>\n<meta property=\"article:modified_time\" content=\"2025-06-19T12:06:34+00:00\" \/>\n<meta property=\"og:image\" content=\"https:\/\/spatialworld.fi\/wp-content\/uploads\/2014\/05\/sias_small.jpg\" \/>\n\t<meta property=\"og:image:width\" content=\"350\" \/>\n\t<meta property=\"og:image:height\" content=\"283\" \/>\n\t<meta property=\"og:image:type\" content=\"image\/jpeg\" \/>\n<meta name=\"twitter:label1\" content=\"Ber\u00e4knad l\u00e4stid\" \/>\n\t<meta name=\"twitter:data1\" content=\"2 minuter\" \/>\n<script type=\"application\/ld+json\" class=\"yoast-schema-graph\">{\"@context\":\"https:\\\/\\\/schema.org\",\"@graph\":[{\"@type\":\"WebPage\",\"@id\":\"https:\\\/\\\/spatialworld.fi\\\/sv\\\/smallworld\\\/water-office\\\/\",\"url\":\"https:\\\/\\\/spatialworld.fi\\\/sv\\\/smallworld\\\/water-office\\\/\",\"name\":\"Water Office\",\"isPartOf\":{\"@id\":\"https:\\\/\\\/spatialworld.fi\\\/sv\\\/#website\"},\"primaryImageOfPage\":{\"@id\":\"https:\\\/\\\/spatialworld.fi\\\/sv\\\/smallworld\\\/water-office\\\/#primaryimage\"},\"image\":{\"@id\":\"https:\\\/\\\/spatialworld.fi\\\/smallworld\\\/water-office\\\/#primaryimage\"},\"thumbnailUrl\":\"https:\\\/\\\/spatialworld.fi\\\/wp-content\\\/uploads\\\/2014\\\/05\\\/wo_small.jpg\",\"datePublished\":\"2014-05-08T09:27:49+00:00\",\"dateModified\":\"2025-06-19T12:06:34+00:00\",\"breadcrumb\":{\"@id\":\"https:\\\/\\\/spatialworld.fi\\\/sv\\\/smallworld\\\/water-office\\\/#breadcrumb\"},\"inLanguage\":\"sv-SE\",\"potentialAction\":[{\"@type\":\"ReadAction\",\"target\":[[\"https:\\\/\\\/spatialworld.fi\\\/sv\\\/smallworld\\\/water-office\\\/\"]]}]},{\"@type\":\"ImageObject\",\"inLanguage\":\"sv-SE\",\"@id\":\"https:\\\/\\\/spatialworld.fi\\\/sv\\\/smallworld\\\/water-office\\\/#primaryimage\",\"url\":\"https:\\\/\\\/spatialworld.fi\\\/wp-content\\\/uploads\\\/2014\\\/05\\\/wo_small.jpg\",\"contentUrl\":\"https:\\\/\\\/spatialworld.fi\\\/wp-content\\\/uploads\\\/2014\\\/05\\\/wo_small.jpg\"},{\"@type\":\"BreadcrumbList\",\"@id\":\"https:\\\/\\\/spatialworld.fi\\\/sv\\\/smallworld\\\/water-office\\\/#breadcrumb\",\"itemListElement\":[{\"@type\":\"ListItem\",\"position\":1,\"name\":\"Home\",\"item\":\"https:\\\/\\\/spatialworld.fi\\\/sv\\\/\"},{\"@type\":\"ListItem\",\"position\":2,\"name\":\"Smallworld\",\"item\":\"https:\\\/\\\/spatialworld.fi\\\/sv\\\/smallworld\\\/\"},{\"@type\":\"ListItem\",\"position\":3,\"name\":\"Water Office\"}]},{\"@type\":\"WebSite\",\"@id\":\"https:\\\/\\\/spatialworld.fi\\\/sv\\\/#website\",\"url\":\"https:\\\/\\\/spatialworld.fi\\\/sv\\\/\",\"name\":\"Spatialworld Oy\",\"description\":\"\",\"potentialAction\":[{\"@type\":\"SearchAction\",\"target\":{\"@type\":\"EntryPoint\",\"urlTemplate\":\"https:\\\/\\\/spatialworld.fi\\\/sv\\\/?s={search_term_string}\"},\"query-input\":{\"@type\":\"PropertyValueSpecification\",\"valueRequired\":true,\"valueName\":\"search_term_string\"}}],\"inLanguage\":\"sv-SE\"}]}<\/script>\n<!-- \/ Yoast SEO plugin. -->","yoast_head_json":{"title":"Water Office","robots":{"index":"index","follow":"follow","max-snippet":"max-snippet:-1","max-image-preview":"max-image-preview:large","max-video-preview":"max-video-preview:-1"},"canonical":"https:\/\/spatialworld.fi\/sv\/smallworld\/water-office\/","og_locale":"sv_SE","og_type":"article","og_title":"Water Office","og_description":"Smallworld Water Office GE Vernova:s Smallworld Water Office&#x2122; \u00e4r en del av GE Vernova:s integrerade och anpassningsbara svit av program som st\u00f6djer n\u00e4t\u00e4gande f\u00f6retag avseende drift, underh\u00e5ll och rapportering av...","og_url":"https:\/\/spatialworld.fi\/sv\/smallworld\/water-office\/","og_site_name":"Spatialworld Oy","article_modified_time":"2025-06-19T12:06:34+00:00","og_image":[{"width":350,"height":283,"url":"https:\/\/spatialworld.fi\/wp-content\/uploads\/2014\/05\/sias_small.jpg","type":"image\/jpeg"}],"twitter_misc":{"Ber\u00e4knad l\u00e4stid":"2 minuter"},"schema":{"@context":"https:\/\/schema.org","@graph":[{"@type":"WebPage","@id":"https:\/\/spatialworld.fi\/sv\/smallworld\/water-office\/","url":"https:\/\/spatialworld.fi\/sv\/smallworld\/water-office\/","name":"Water Office","isPartOf":{"@id":"https:\/\/spatialworld.fi\/sv\/#website"},"primaryImageOfPage":{"@id":"https:\/\/spatialworld.fi\/sv\/smallworld\/water-office\/#primaryimage"},"image":{"@id":"https:\/\/spatialworld.fi\/smallworld\/water-office\/#primaryimage"},"thumbnailUrl":"https:\/\/spatialworld.fi\/wp-content\/uploads\/2014\/05\/wo_small.jpg","datePublished":"2014-05-08T09:27:49+00:00","dateModified":"2025-06-19T12:06:34+00:00","breadcrumb":{"@id":"https:\/\/spatialworld.fi\/sv\/smallworld\/water-office\/#breadcrumb"},"inLanguage":"sv-SE","potentialAction":[{"@type":"ReadAction","target":[["https:\/\/spatialworld.fi\/sv\/smallworld\/water-office\/"]]}]},{"@type":"ImageObject","inLanguage":"sv-SE","@id":"https:\/\/spatialworld.fi\/sv\/smallworld\/water-office\/#primaryimage","url":"https:\/\/spatialworld.fi\/wp-content\/uploads\/2014\/05\/wo_small.jpg","contentUrl":"https:\/\/spatialworld.fi\/wp-content\/uploads\/2014\/05\/wo_small.jpg"},{"@type":"BreadcrumbList","@id":"https:\/\/spatialworld.fi\/sv\/smallworld\/water-office\/#breadcrumb","itemListElement":[{"@type":"ListItem","position":1,"name":"Home","item":"https:\/\/spatialworld.fi\/sv\/"},{"@type":"ListItem","position":2,"name":"Smallworld","item":"https:\/\/spatialworld.fi\/sv\/smallworld\/"},{"@type":"ListItem","position":3,"name":"Water Office"}]},{"@type":"WebSite","@id":"https:\/\/spatialworld.fi\/sv\/#website","url":"https:\/\/spatialworld.fi\/sv\/","name":"Spatialworld Oy","description":"","potentialAction":[{"@type":"SearchAction","target":{"@type":"EntryPoint","urlTemplate":"https:\/\/spatialworld.fi\/sv\/?s={search_term_string}"},"query-input":{"@type":"PropertyValueSpecification","valueRequired":true,"valueName":"search_term_string"}}],"inLanguage":"sv-SE"}]}},"_links":{"self":[{"href":"https:\/\/spatialworld.fi\/sv\/wp-json\/wp\/v2\/pages\/241","targetHints":{"allow":["GET"]}}],"collection":[{"href":"https:\/\/spatialworld.fi\/sv\/wp-json\/wp\/v2\/pages"}],"about":[{"href":"https:\/\/spatialworld.fi\/sv\/wp-json\/wp\/v2\/types\/page"}],"author":[{"embeddable":true,"href":"https:\/\/spatialworld.fi\/sv\/wp-json\/wp\/v2\/users\/2"}],"replies":[{"embeddable":true,"href":"https:\/\/spatialworld.fi\/sv\/wp-json\/wp\/v2\/comments?post=241"}],"version-history":[{"count":15,"href":"https:\/\/spatialworld.fi\/sv\/wp-json\/wp\/v2\/pages\/241\/revisions"}],"predecessor-version":[{"id":17726,"href":"https:\/\/spatialworld.fi\/sv\/wp-json\/wp\/v2\/pages\/241\/revisions\/17726"}],"up":[{"embeddable":true,"href":"https:\/\/spatialworld.fi\/sv\/wp-json\/wp\/v2\/pages\/10"}],"wp:attachment":[{"href":"https:\/\/spatialworld.fi\/sv\/wp-json\/wp\/v2\/media?parent=241"}],"curies":[{"name":"wp","href":"https:\/\/api.w.org\/{rel}","templated":true}]}}