{"id":1962,"date":"2018-09-18T11:36:20","date_gmt":"2018-09-18T08:36:20","guid":{"rendered":"https:\/\/spatialworld.fi\/?page_id=1962"},"modified":"2025-10-31T10:19:32","modified_gmt":"2025-10-31T08:19:32","slug":"hydran-m2-x","status":"publish","type":"page","link":"https:\/\/spatialworld.fi\/sv\/md\/hydran-m2-x\/","title":{"rendered":"Hydran M2-X"},"content":{"rendered":"[vc_row type=&#8221;in_container&#8221; full_screen_row_position=&#8221;middle&#8221; column_margin=&#8221;default&#8221; column_direction=&#8221;default&#8221; column_direction_tablet=&#8221;default&#8221; column_direction_phone=&#8221;default&#8221; scene_position=&#8221;center&#8221; text_color=&#8221;dark&#8221; text_align=&#8221;left&#8221; row_border_radius=&#8221;none&#8221; row_border_radius_applies=&#8221;bg&#8221; overflow=&#8221;visible&#8221; overlay_strength=&#8221;0.3&#8243; gradient_direction=&#8221;left_to_right&#8221; shape_divider_position=&#8221;bottom&#8221; bg_image_animation=&#8221;none&#8221;][vc_column column_padding=&#8221;no-extra-padding&#8221; column_padding_tablet=&#8221;inherit&#8221; column_padding_phone=&#8221;inherit&#8221; column_padding_position=&#8221;all&#8221; column_element_direction_desktop=&#8221;default&#8221; column_element_spacing=&#8221;default&#8221; desktop_text_alignment=&#8221;default&#8221; tablet_text_alignment=&#8221;default&#8221; phone_text_alignment=&#8221;default&#8221; background_color_opacity=&#8221;1&#8243; background_hover_color_opacity=&#8221;1&#8243; column_backdrop_filter=&#8221;none&#8221; column_shadow=&#8221;none&#8221; column_border_radius=&#8221;none&#8221; column_link_target=&#8221;_self&#8221; column_position=&#8221;default&#8221; gradient_direction=&#8221;left_to_right&#8221; overlay_strength=&#8221;0.3&#8243; width=&#8221;1\/1&#8243; tablet_width_inherit=&#8221;default&#8221; animation_type=&#8221;default&#8221; bg_image_animation=&#8221;none&#8221; border_type=&#8221;simple&#8221; column_border_width=&#8221;none&#8221; column_border_style=&#8221;solid&#8221;][vc_column_text css=&#8221;&#8221; text_direction=&#8221;default&#8221;]\n<h3>Hydran M2-X<\/h3>\n[\/vc_column_text][\/vc_column][\/vc_row][vc_row type=&#8221;in_container&#8221; full_screen_row_position=&#8221;middle&#8221; column_margin=&#8221;default&#8221; column_direction=&#8221;default&#8221; column_direction_tablet=&#8221;default&#8221; column_direction_phone=&#8221;default&#8221; scene_position=&#8221;center&#8221; text_color=&#8221;dark&#8221; text_align=&#8221;left&#8221; row_border_radius=&#8221;none&#8221; row_border_radius_applies=&#8221;bg&#8221; overflow=&#8221;visible&#8221; overlay_strength=&#8221;0.3&#8243; gradient_direction=&#8221;left_to_right&#8221; shape_divider_position=&#8221;bottom&#8221; bg_image_animation=&#8221;none&#8221;][vc_column column_padding=&#8221;no-extra-padding&#8221; column_padding_tablet=&#8221;inherit&#8221; column_padding_phone=&#8221;inherit&#8221; column_padding_position=&#8221;all&#8221; column_element_direction_desktop=&#8221;default&#8221; column_element_spacing=&#8221;default&#8221; desktop_text_alignment=&#8221;default&#8221; tablet_text_alignment=&#8221;default&#8221; phone_text_alignment=&#8221;default&#8221; background_color_opacity=&#8221;1&#8243; background_hover_color_opacity=&#8221;1&#8243; column_backdrop_filter=&#8221;none&#8221; column_shadow=&#8221;none&#8221; column_border_radius=&#8221;none&#8221; column_link_target=&#8221;_self&#8221; column_position=&#8221;default&#8221; gradient_direction=&#8221;left_to_right&#8221; overlay_strength=&#8221;0.3&#8243; width=&#8221;2\/3&#8243; tablet_width_inherit=&#8221;default&#8221; animation_type=&#8221;default&#8221; bg_image_animation=&#8221;none&#8221; border_type=&#8221;simple&#8221; column_border_width=&#8221;none&#8221; column_border_style=&#8221;solid&#8221;][vc_column_text css=&#8221;&#8221; text_direction=&#8221;default&#8221;]Hydran M2-X \u00e4r den senaste generationen Hydran gasanalysatorer. Den m\u00e4ter kontinuerligt gas- och fukthalt och varnar f\u00f6r utvecklande defekter vilket minskar risken f\u00f6r ov\u00e4ntade avbrott. M2-X bygger p\u00e5 GE Vernovas gedigna kunskaper och l\u00e5nga erfarenhet och kan nu erbjuda en \u00f6vervakningsenhet med l\u00e5gt underh\u00e5ll och f\u00f6rl\u00e4ngd livsl\u00e4ngd p\u00e5 sensorn.<\/p>\n<h4>F\u00f6rdelar<\/h4>\n<ul>\n<li>Kompakt enhet, inga r\u00f6rliga delar, litet behov av underh\u00e5ll<\/li>\n<li>L\u00e4tt att installera i en enda ventil<\/li>\n<li>\u00d6vervakning av transformatorer med traditionella mineraloljor, men \u00e4ven med esterbaserade v\u00e4tskor (naturliga och syntetiska)<\/li>\n<li>Realtidsm\u00e4tning av ett sammansatt v\u00e4rde av olika felgaser eller enbart v\u00e4te samt fukthalt i oljan<\/li>\n<li>Automatiska varningar f\u00f6r nya fel<\/li>\n<li>Ett brett utbud av kommunikationsalternativ och protokoll<\/li>\n<li>Utbyggbar med transformatormatematiska modeller med hj\u00e4lp av ytterligare sensorer<\/li>\n<li>Integrerad display och tangentbord f\u00f6r f\u00f6renklad lokal konfiguration och visualisering av m\u00e4tdata<\/li>\n<li>7 \u00e5rs produktgaranti<\/li>\n<\/ul>\n<h4>Applikationer<\/h4>\n<ul>\n<li>Allt i ett l\u00f6sning f\u00f6r viktiga medelstora transformatorer<\/li>\n<li>Fokuserar och prioriterar investeringsstrategier<\/li>\n<li>Minskar risken f\u00f6r processavbrott orsakade av str\u00f6mavbrott<\/li>\n<li>Minimerar kostsamma driftstopp<\/li>\n<\/ul>\n<p><a href=\"https:\/\/spatialworld.fi\/wp-content\/uploads\/2025\/04\/HydranM2-X-Brochure-EN-2024-08-Grid-GA-1644-A4-R010-hr.pdf\" target=\"_blank\" rel=\"noopener\"><img loading=\"lazy\" decoding=\"async\" class=\"alignleft size-full wp-image-87\" src=\"https:\/\/spatialworld.fi\/wp-content\/uploads\/2014\/04\/acrobat_pdf_icon.jpg\" alt=\"\" width=\"20\" height=\"20\" \/> Ladda ner Hydran M2-X Fact Sheet<\/a>[\/vc_column_text][\/vc_column][vc_column column_padding=&#8221;no-extra-padding&#8221; column_padding_tablet=&#8221;inherit&#8221; column_padding_phone=&#8221;inherit&#8221; column_padding_position=&#8221;all&#8221; column_element_direction_desktop=&#8221;default&#8221; column_element_spacing=&#8221;default&#8221; desktop_text_alignment=&#8221;default&#8221; tablet_text_alignment=&#8221;default&#8221; phone_text_alignment=&#8221;default&#8221; background_color_opacity=&#8221;1&#8243; background_hover_color_opacity=&#8221;1&#8243; column_backdrop_filter=&#8221;none&#8221; column_shadow=&#8221;none&#8221; column_border_radius=&#8221;none&#8221; column_link_target=&#8221;_self&#8221; column_position=&#8221;default&#8221; gradient_direction=&#8221;left_to_right&#8221; overlay_strength=&#8221;0.3&#8243; width=&#8221;1\/3&#8243; tablet_width_inherit=&#8221;default&#8221; animation_type=&#8221;default&#8221; bg_image_animation=&#8221;none&#8221; border_type=&#8221;simple&#8221; column_border_width=&#8221;none&#8221; column_border_style=&#8221;solid&#8221;][image_with_animation image_url=&#8221;17815&#8243; image_size=&#8221;full&#8221; max_width=&#8221;100%&#8221; max_width_mobile=&#8221;default&#8221; animation_type=&#8221;entrance&#8221; animation=&#8221;None&#8221; animation_movement_type=&#8221;transform_y&#8221; hover_animation=&#8221;none&#8221; alignment=&#8221;right&#8221; border_radius=&#8221;none&#8221; box_shadow=&#8221;none&#8221; image_loading=&#8221;default&#8221;][divider line_type=&#8221;No Line&#8221;][image_with_animation image_url=&#8221;17816&#8243; image_size=&#8221;full&#8221; max_width=&#8221;100%&#8221; max_width_mobile=&#8221;default&#8221; animation_type=&#8221;entrance&#8221; animation=&#8221;None&#8221; animation_movement_type=&#8221;transform_y&#8221; hover_animation=&#8221;none&#8221; alignment=&#8221;right&#8221; border_radius=&#8221;none&#8221; box_shadow=&#8221;none&#8221; image_loading=&#8221;default&#8221;][vc_column_text css=&#8221;&#8221; text_direction=&#8221;default&#8221;]H\u00e4r visas Hydran M2-X med externa sensorer f\u00f6r ber\u00e4kningar av transformatormodeller[\/vc_column_text][\/vc_column][\/vc_row]","protected":false},"excerpt":{"rendered":"<p>[vc_row type=&#8221;in_container&#8221; full_screen_row_position=&#8221;middle&#8221; column_margin=&#8221;default&#8221; column_direction=&#8221;default&#8221; column_direction_tablet=&#8221;default&#8221; column_direction_phone=&#8221;default&#8221; scene_position=&#8221;center&#8221; text_color=&#8221;dark&#8221; text_align=&#8221;left&#8221; row_border_radius=&#8221;none&#8221; row_border_radius_applies=&#8221;bg&#8221; overflow=&#8221;visible&#8221; overlay_strength=&#8221;0.3&#8243; gradient_direction=&#8221;left_to_right&#8221; shape_divider_position=&#8221;bottom&#8221; bg_image_animation=&#8221;none&#8221;][vc_column column_padding=&#8221;no-extra-padding&#8221; column_padding_tablet=&#8221;inherit&#8221; column_padding_phone=&#8221;inherit&#8221; column_padding_position=&#8221;all&#8221; column_element_direction_desktop=&#8221;default&#8221; column_element_spacing=&#8221;default&#8221; desktop_text_alignment=&#8221;default&#8221; tablet_text_alignment=&#8221;default&#8221; phone_text_alignment=&#8221;default&#8221; background_color_opacity=&#8221;1&#8243; background_hover_color_opacity=&#8221;1&#8243; column_backdrop_filter=&#8221;none&#8221; column_shadow=&#8221;none&#8221;&#8230;<\/p>\n","protected":false},"author":3,"featured_media":0,"parent":8582,"menu_order":3,"comment_status":"closed","ping_status":"closed","template":"","meta":{"footnotes":""},"class_list":["post-1962","page","type-page","status-publish"],"yoast_head":"<!-- This site is optimized with the Yoast SEO plugin v27.1.1 - https:\/\/yoast.com\/product\/yoast-seo-wordpress\/ -->\n<title>Hydran M2-X<\/title>\n<meta name=\"robots\" content=\"index, follow, max-snippet:-1, max-image-preview:large, max-video-preview:-1\" \/>\n<link rel=\"canonical\" href=\"https:\/\/spatialworld.fi\/sv\/md\/hydran-m2-x\/\" \/>\n<meta property=\"og:locale\" content=\"sv_SE\" \/>\n<meta property=\"og:type\" content=\"article\" \/>\n<meta property=\"og:title\" content=\"Hydran M2-X\" \/>\n<meta property=\"og:description\" content=\"[vc_row type=&#8221;in_container&#8221; full_screen_row_position=&#8221;middle&#8221; column_margin=&#8221;default&#8221; column_direction=&#8221;default&#8221; column_direction_tablet=&#8221;default&#8221; column_direction_phone=&#8221;default&#8221; scene_position=&#8221;center&#8221; text_color=&#8221;dark&#8221; text_align=&#8221;left&#8221; row_border_radius=&#8221;none&#8221; row_border_radius_applies=&#8221;bg&#8221; overflow=&#8221;visible&#8221; overlay_strength=&#8221;0.3&#8243; gradient_direction=&#8221;left_to_right&#8221; shape_divider_position=&#8221;bottom&#8221; bg_image_animation=&#8221;none&#8221;][vc_column column_padding=&#8221;no-extra-padding&#8221; column_padding_tablet=&#8221;inherit&#8221; column_padding_phone=&#8221;inherit&#8221; column_padding_position=&#8221;all&#8221; column_element_direction_desktop=&#8221;default&#8221; column_element_spacing=&#8221;default&#8221; desktop_text_alignment=&#8221;default&#8221; tablet_text_alignment=&#8221;default&#8221; phone_text_alignment=&#8221;default&#8221; background_color_opacity=&#8221;1&#8243; background_hover_color_opacity=&#8221;1&#8243; column_backdrop_filter=&#8221;none&#8221; column_shadow=&#8221;none&#8221;...\" \/>\n<meta property=\"og:url\" content=\"https:\/\/spatialworld.fi\/sv\/md\/hydran-m2-x\/\" \/>\n<meta property=\"og:site_name\" content=\"Spatialworld Oy\" \/>\n<meta property=\"article:modified_time\" content=\"2025-10-31T08:19:32+00:00\" \/>\n<meta property=\"og:image\" content=\"https:\/\/spatialworld.fi\/wp-content\/uploads\/2014\/04\/acrobat_pdf_icon.jpg\" \/>\n\t<meta property=\"og:image:width\" content=\"20\" \/>\n\t<meta property=\"og:image:height\" content=\"20\" \/>\n\t<meta property=\"og:image:type\" content=\"image\/jpeg\" \/>\n<meta name=\"twitter:label1\" content=\"Ber\u00e4knad l\u00e4stid\" \/>\n\t<meta name=\"twitter:data1\" content=\"2 minuter\" \/>\n<script type=\"application\/ld+json\" class=\"yoast-schema-graph\">{\"@context\":\"https:\/\/schema.org\",\"@graph\":[{\"@type\":\"WebPage\",\"@id\":\"https:\/\/spatialworld.fi\/sv\/md\/hydran-m2-x\/\",\"url\":\"https:\/\/spatialworld.fi\/sv\/md\/hydran-m2-x\/\",\"name\":\"Hydran M2-X\",\"isPartOf\":{\"@id\":\"https:\/\/spatialworld.fi\/sv\/#website\"},\"primaryImageOfPage\":{\"@id\":\"https:\/\/spatialworld.fi\/sv\/md\/hydran-m2-x\/#primaryimage\"},\"image\":{\"@id\":\"https:\/\/spatialworld.fi\/md\/hydran-m2-x\/#primaryimage\"},\"thumbnailUrl\":\"https:\/\/spatialworld.fi\/wp-content\/uploads\/2014\/04\/acrobat_pdf_icon.jpg\",\"datePublished\":\"2018-09-18T08:36:20+00:00\",\"dateModified\":\"2025-10-31T08:19:32+00:00\",\"breadcrumb\":{\"@id\":\"https:\/\/spatialworld.fi\/sv\/md\/hydran-m2-x\/#breadcrumb\"},\"inLanguage\":\"sv-SE\",\"potentialAction\":[{\"@type\":\"ReadAction\",\"target\":[[\"https:\/\/spatialworld.fi\/sv\/md\/hydran-m2-x\/\"]]}]},{\"@type\":\"ImageObject\",\"inLanguage\":\"sv-SE\",\"@id\":\"https:\/\/spatialworld.fi\/sv\/md\/hydran-m2-x\/#primaryimage\",\"url\":\"https:\/\/spatialworld.fi\/wp-content\/uploads\/2014\/04\/acrobat_pdf_icon.jpg\",\"contentUrl\":\"https:\/\/spatialworld.fi\/wp-content\/uploads\/2014\/04\/acrobat_pdf_icon.jpg\"},{\"@type\":\"BreadcrumbList\",\"@id\":\"https:\/\/spatialworld.fi\/sv\/md\/hydran-m2-x\/#breadcrumb\",\"itemListElement\":[{\"@type\":\"ListItem\",\"position\":1,\"name\":\"Home\",\"item\":\"https:\/\/spatialworld.fi\/sv\/\"},{\"@type\":\"ListItem\",\"position\":2,\"name\":\"Transformer Monitoring and Diagnostics\",\"item\":\"https:\/\/spatialworld.fi\/sv\/md\/\"},{\"@type\":\"ListItem\",\"position\":3,\"name\":\"Hydran M2-X\"}]},{\"@type\":\"WebSite\",\"@id\":\"https:\/\/spatialworld.fi\/sv\/#website\",\"url\":\"https:\/\/spatialworld.fi\/sv\/\",\"name\":\"Spatialworld Oy\",\"description\":\"\",\"potentialAction\":[{\"@type\":\"SearchAction\",\"target\":{\"@type\":\"EntryPoint\",\"urlTemplate\":\"https:\/\/spatialworld.fi\/sv\/?s={search_term_string}\"},\"query-input\":{\"@type\":\"PropertyValueSpecification\",\"valueRequired\":true,\"valueName\":\"search_term_string\"}}],\"inLanguage\":\"sv-SE\"}]}<\/script>\n<!-- \/ Yoast SEO plugin. -->","yoast_head_json":{"title":"Hydran M2-X","robots":{"index":"index","follow":"follow","max-snippet":"max-snippet:-1","max-image-preview":"max-image-preview:large","max-video-preview":"max-video-preview:-1"},"canonical":"https:\/\/spatialworld.fi\/sv\/md\/hydran-m2-x\/","og_locale":"sv_SE","og_type":"article","og_title":"Hydran M2-X","og_description":"[vc_row type=&#8221;in_container&#8221; full_screen_row_position=&#8221;middle&#8221; column_margin=&#8221;default&#8221; column_direction=&#8221;default&#8221; column_direction_tablet=&#8221;default&#8221; column_direction_phone=&#8221;default&#8221; scene_position=&#8221;center&#8221; text_color=&#8221;dark&#8221; text_align=&#8221;left&#8221; row_border_radius=&#8221;none&#8221; row_border_radius_applies=&#8221;bg&#8221; overflow=&#8221;visible&#8221; overlay_strength=&#8221;0.3&#8243; gradient_direction=&#8221;left_to_right&#8221; shape_divider_position=&#8221;bottom&#8221; bg_image_animation=&#8221;none&#8221;][vc_column column_padding=&#8221;no-extra-padding&#8221; column_padding_tablet=&#8221;inherit&#8221; column_padding_phone=&#8221;inherit&#8221; column_padding_position=&#8221;all&#8221; column_element_direction_desktop=&#8221;default&#8221; column_element_spacing=&#8221;default&#8221; desktop_text_alignment=&#8221;default&#8221; tablet_text_alignment=&#8221;default&#8221; phone_text_alignment=&#8221;default&#8221; background_color_opacity=&#8221;1&#8243; background_hover_color_opacity=&#8221;1&#8243; column_backdrop_filter=&#8221;none&#8221; column_shadow=&#8221;none&#8221;...","og_url":"https:\/\/spatialworld.fi\/sv\/md\/hydran-m2-x\/","og_site_name":"Spatialworld Oy","article_modified_time":"2025-10-31T08:19:32+00:00","og_image":[{"width":20,"height":20,"url":"https:\/\/spatialworld.fi\/wp-content\/uploads\/2014\/04\/acrobat_pdf_icon.jpg","type":"image\/jpeg"}],"twitter_misc":{"Ber\u00e4knad l\u00e4stid":"2 minuter"},"schema":{"@context":"https:\/\/schema.org","@graph":[{"@type":"WebPage","@id":"https:\/\/spatialworld.fi\/sv\/md\/hydran-m2-x\/","url":"https:\/\/spatialworld.fi\/sv\/md\/hydran-m2-x\/","name":"Hydran M2-X","isPartOf":{"@id":"https:\/\/spatialworld.fi\/sv\/#website"},"primaryImageOfPage":{"@id":"https:\/\/spatialworld.fi\/sv\/md\/hydran-m2-x\/#primaryimage"},"image":{"@id":"https:\/\/spatialworld.fi\/md\/hydran-m2-x\/#primaryimage"},"thumbnailUrl":"https:\/\/spatialworld.fi\/wp-content\/uploads\/2014\/04\/acrobat_pdf_icon.jpg","datePublished":"2018-09-18T08:36:20+00:00","dateModified":"2025-10-31T08:19:32+00:00","breadcrumb":{"@id":"https:\/\/spatialworld.fi\/sv\/md\/hydran-m2-x\/#breadcrumb"},"inLanguage":"sv-SE","potentialAction":[{"@type":"ReadAction","target":[["https:\/\/spatialworld.fi\/sv\/md\/hydran-m2-x\/"]]}]},{"@type":"ImageObject","inLanguage":"sv-SE","@id":"https:\/\/spatialworld.fi\/sv\/md\/hydran-m2-x\/#primaryimage","url":"https:\/\/spatialworld.fi\/wp-content\/uploads\/2014\/04\/acrobat_pdf_icon.jpg","contentUrl":"https:\/\/spatialworld.fi\/wp-content\/uploads\/2014\/04\/acrobat_pdf_icon.jpg"},{"@type":"BreadcrumbList","@id":"https:\/\/spatialworld.fi\/sv\/md\/hydran-m2-x\/#breadcrumb","itemListElement":[{"@type":"ListItem","position":1,"name":"Home","item":"https:\/\/spatialworld.fi\/sv\/"},{"@type":"ListItem","position":2,"name":"Transformer Monitoring and Diagnostics","item":"https:\/\/spatialworld.fi\/sv\/md\/"},{"@type":"ListItem","position":3,"name":"Hydran M2-X"}]},{"@type":"WebSite","@id":"https:\/\/spatialworld.fi\/sv\/#website","url":"https:\/\/spatialworld.fi\/sv\/","name":"Spatialworld Oy","description":"","potentialAction":[{"@type":"SearchAction","target":{"@type":"EntryPoint","urlTemplate":"https:\/\/spatialworld.fi\/sv\/?s={search_term_string}"},"query-input":{"@type":"PropertyValueSpecification","valueRequired":true,"valueName":"search_term_string"}}],"inLanguage":"sv-SE"}]}},"_links":{"self":[{"href":"https:\/\/spatialworld.fi\/sv\/wp-json\/wp\/v2\/pages\/1962","targetHints":{"allow":["GET"]}}],"collection":[{"href":"https:\/\/spatialworld.fi\/sv\/wp-json\/wp\/v2\/pages"}],"about":[{"href":"https:\/\/spatialworld.fi\/sv\/wp-json\/wp\/v2\/types\/page"}],"author":[{"embeddable":true,"href":"https:\/\/spatialworld.fi\/sv\/wp-json\/wp\/v2\/users\/3"}],"replies":[{"embeddable":true,"href":"https:\/\/spatialworld.fi\/sv\/wp-json\/wp\/v2\/comments?post=1962"}],"version-history":[{"count":73,"href":"https:\/\/spatialworld.fi\/sv\/wp-json\/wp\/v2\/pages\/1962\/revisions"}],"predecessor-version":[{"id":17817,"href":"https:\/\/spatialworld.fi\/sv\/wp-json\/wp\/v2\/pages\/1962\/revisions\/17817"}],"up":[{"embeddable":true,"href":"https:\/\/spatialworld.fi\/sv\/wp-json\/wp\/v2\/pages\/8582"}],"wp:attachment":[{"href":"https:\/\/spatialworld.fi\/sv\/wp-json\/wp\/v2\/media?parent=1962"}],"curies":[{"name":"wp","href":"https:\/\/api.w.org\/{rel}","templated":true}]}}