{"id":134,"date":"2014-05-06T00:03:37","date_gmt":"2014-05-05T21:03:37","guid":{"rendered":"http:\/\/helppia.fi\/spatialworld\/?page_id=134"},"modified":"2022-02-01T10:15:07","modified_gmt":"2022-02-01T08:15:07","slug":"geospatial-server","status":"publish","type":"page","link":"https:\/\/spatialworld.fi\/sv\/smallworld\/geospatial-server\/","title":{"rendered":"GeoSpatial Server"},"content":{"rendered":"<strong>Smallworld GeoSpatial Server<\/strong><\/p>\n<p>En av de stora utmaningarna i olika organisationer \u00e4r f\u00f6rm\u00e5gan att tillhandah\u00e5lla uppdaterad data till anv\u00e4ndare och mellan olika IT-system. Smallworld GeoSpatial Server tillhandah\u00e5ller integrationsplattformen mellan system och fungerar som en modern plattform som tillhandah\u00e5ller en intellektuell karta f\u00f6r slutanv\u00e4ndares applikationer direkt fr\u00e5n databasen efter behov f\u00f6r uppgiften.<\/p>\n<p><strong>GeoSpatial Server-architecture<\/strong><\/p>\n<p>Smallworld GeoSpatial Server fungerar ovanp\u00e5 Kubernetes som Docker-containers enligt micsoservices arkitektur och tj\u00e4nsten skalar efter behov. GeoSpatial Server kan implementeras lokalt till Amazon AWS- eller Microsoft Azure-moln.<\/p>\n<p><strong>Funktioner och F\u00f6rdelar<\/strong><\/p>\n<p>Denna plattform har f\u00f6ljande funktioner:<\/p>\n<ul>\n<li>Gemensam infrastruktur och f\u00f6retagstj\u00e4nster<\/li>\n<li>St\u00f6d f\u00f6r att skriva transaktioner och tillg\u00e5ng till versioner<\/li>\n<li>Tv\u00e5v\u00e4gs webbtj\u00e4nstkommunikation<\/li>\n<li>Certifierat st\u00f6d f\u00f6r: OGC\u00ae Web Map Service (WMS), Web Feature Service (WFS), Web Coverage Service (WCS)<\/li>\n<li>Web Services Framework (via HTTP eller JMS)<\/li>\n<li>St\u00f6d f\u00f6r Web Services Security (WSS) och andra WS-standarder<\/li>\n<li>Kubernetes \/ Docker<\/li>\n<\/ul>\n<p>Exempel p\u00e5 Smallworld-produkter som anv\u00e4nder GeoSpatial Server<\/p>\n<ul>\n<li>SAP-integration: Smallworld Business Integrator f\u00f6r Sap NetWeaver<\/li>\n<li>CIM-integration: Smallworld GIS Adapter<\/li>\n<li>Webbanv\u00e4ndargr\u00e4nssnitt: Mobile Enterprise Web<\/li>\n<li>N\u00e4tverksinventering webbl\u00e4sargr\u00e4nssnitt: Network Inventory Gateway<\/li>\n<li>N\u00e4tverksinventering webbl\u00e4saruppdatering: N\u00e4tverksuppdatering<\/li>\n<\/ul>","protected":false},"excerpt":{"rendered":"<p>Smallworld GeoSpatial Server En av de stora utmaningarna i olika organisationer \u00e4r f\u00f6rm\u00e5gan att tillhandah\u00e5lla uppdaterad data till anv\u00e4ndare och mellan olika IT-system. Smallworld GeoSpatial Server tillhandah\u00e5ller integrationsplattformen mellan system&#8230;<\/p>\n","protected":false},"author":2,"featured_media":0,"parent":10,"menu_order":1,"comment_status":"open","ping_status":"closed","template":"","meta":{"footnotes":""},"class_list":["post-134","page","type-page","status-publish"],"yoast_head":"<!-- This site is optimized with the Yoast SEO plugin v27.4 - https:\/\/yoast.com\/product\/yoast-seo-wordpress\/ -->\n<title>GeoSpatial Server<\/title>\n<meta name=\"robots\" content=\"index, follow, max-snippet:-1, max-image-preview:large, max-video-preview:-1\" \/>\n<link rel=\"canonical\" href=\"https:\/\/spatialworld.fi\/sv\/smallworld\/geospatial-server\/\" \/>\n<meta property=\"og:locale\" content=\"sv_SE\" \/>\n<meta property=\"og:type\" content=\"article\" \/>\n<meta property=\"og:title\" content=\"GeoSpatial Server\" \/>\n<meta property=\"og:description\" content=\"Smallworld GeoSpatial Server En av de stora utmaningarna i olika organisationer \u00e4r f\u00f6rm\u00e5gan att tillhandah\u00e5lla uppdaterad data till anv\u00e4ndare och mellan olika IT-system. Smallworld GeoSpatial Server tillhandah\u00e5ller integrationsplattformen mellan system...\" \/>\n<meta property=\"og:url\" content=\"https:\/\/spatialworld.fi\/sv\/smallworld\/geospatial-server\/\" \/>\n<meta property=\"og:site_name\" content=\"Spatialworld Oy\" \/>\n<meta property=\"article:modified_time\" content=\"2022-02-01T08:15:07+00:00\" \/>\n<meta name=\"twitter:label1\" content=\"Ber\u00e4knad l\u00e4stid\" \/>\n\t<meta name=\"twitter:data1\" content=\"1 minut\" \/>\n<script type=\"application\/ld+json\" class=\"yoast-schema-graph\">{\"@context\":\"https:\\\/\\\/schema.org\",\"@graph\":[{\"@type\":\"WebPage\",\"@id\":\"https:\\\/\\\/spatialworld.fi\\\/sv\\\/smallworld\\\/geospatial-server\\\/\",\"url\":\"https:\\\/\\\/spatialworld.fi\\\/sv\\\/smallworld\\\/geospatial-server\\\/\",\"name\":\"GeoSpatial Server\",\"isPartOf\":{\"@id\":\"https:\\\/\\\/spatialworld.fi\\\/sv\\\/#website\"},\"datePublished\":\"2014-05-05T21:03:37+00:00\",\"dateModified\":\"2022-02-01T08:15:07+00:00\",\"breadcrumb\":{\"@id\":\"https:\\\/\\\/spatialworld.fi\\\/sv\\\/smallworld\\\/geospatial-server\\\/#breadcrumb\"},\"inLanguage\":\"sv-SE\",\"potentialAction\":[{\"@type\":\"ReadAction\",\"target\":[[\"https:\\\/\\\/spatialworld.fi\\\/sv\\\/smallworld\\\/geospatial-server\\\/\"]]}]},{\"@type\":\"BreadcrumbList\",\"@id\":\"https:\\\/\\\/spatialworld.fi\\\/sv\\\/smallworld\\\/geospatial-server\\\/#breadcrumb\",\"itemListElement\":[{\"@type\":\"ListItem\",\"position\":1,\"name\":\"Home\",\"item\":\"https:\\\/\\\/spatialworld.fi\\\/sv\\\/\"},{\"@type\":\"ListItem\",\"position\":2,\"name\":\"Smallworld\",\"item\":\"https:\\\/\\\/spatialworld.fi\\\/sv\\\/smallworld\\\/\"},{\"@type\":\"ListItem\",\"position\":3,\"name\":\"GeoSpatial Server\"}]},{\"@type\":\"WebSite\",\"@id\":\"https:\\\/\\\/spatialworld.fi\\\/sv\\\/#website\",\"url\":\"https:\\\/\\\/spatialworld.fi\\\/sv\\\/\",\"name\":\"Spatialworld Oy\",\"description\":\"\",\"potentialAction\":[{\"@type\":\"SearchAction\",\"target\":{\"@type\":\"EntryPoint\",\"urlTemplate\":\"https:\\\/\\\/spatialworld.fi\\\/sv\\\/?s={search_term_string}\"},\"query-input\":{\"@type\":\"PropertyValueSpecification\",\"valueRequired\":true,\"valueName\":\"search_term_string\"}}],\"inLanguage\":\"sv-SE\"}]}<\/script>\n<!-- \/ Yoast SEO plugin. -->","yoast_head_json":{"title":"GeoSpatial Server","robots":{"index":"index","follow":"follow","max-snippet":"max-snippet:-1","max-image-preview":"max-image-preview:large","max-video-preview":"max-video-preview:-1"},"canonical":"https:\/\/spatialworld.fi\/sv\/smallworld\/geospatial-server\/","og_locale":"sv_SE","og_type":"article","og_title":"GeoSpatial Server","og_description":"Smallworld GeoSpatial Server En av de stora utmaningarna i olika organisationer \u00e4r f\u00f6rm\u00e5gan att tillhandah\u00e5lla uppdaterad data till anv\u00e4ndare och mellan olika IT-system. Smallworld GeoSpatial Server tillhandah\u00e5ller integrationsplattformen mellan system...","og_url":"https:\/\/spatialworld.fi\/sv\/smallworld\/geospatial-server\/","og_site_name":"Spatialworld Oy","article_modified_time":"2022-02-01T08:15:07+00:00","twitter_misc":{"Ber\u00e4knad l\u00e4stid":"1 minut"},"schema":{"@context":"https:\/\/schema.org","@graph":[{"@type":"WebPage","@id":"https:\/\/spatialworld.fi\/sv\/smallworld\/geospatial-server\/","url":"https:\/\/spatialworld.fi\/sv\/smallworld\/geospatial-server\/","name":"GeoSpatial Server","isPartOf":{"@id":"https:\/\/spatialworld.fi\/sv\/#website"},"datePublished":"2014-05-05T21:03:37+00:00","dateModified":"2022-02-01T08:15:07+00:00","breadcrumb":{"@id":"https:\/\/spatialworld.fi\/sv\/smallworld\/geospatial-server\/#breadcrumb"},"inLanguage":"sv-SE","potentialAction":[{"@type":"ReadAction","target":[["https:\/\/spatialworld.fi\/sv\/smallworld\/geospatial-server\/"]]}]},{"@type":"BreadcrumbList","@id":"https:\/\/spatialworld.fi\/sv\/smallworld\/geospatial-server\/#breadcrumb","itemListElement":[{"@type":"ListItem","position":1,"name":"Home","item":"https:\/\/spatialworld.fi\/sv\/"},{"@type":"ListItem","position":2,"name":"Smallworld","item":"https:\/\/spatialworld.fi\/sv\/smallworld\/"},{"@type":"ListItem","position":3,"name":"GeoSpatial Server"}]},{"@type":"WebSite","@id":"https:\/\/spatialworld.fi\/sv\/#website","url":"https:\/\/spatialworld.fi\/sv\/","name":"Spatialworld Oy","description":"","potentialAction":[{"@type":"SearchAction","target":{"@type":"EntryPoint","urlTemplate":"https:\/\/spatialworld.fi\/sv\/?s={search_term_string}"},"query-input":{"@type":"PropertyValueSpecification","valueRequired":true,"valueName":"search_term_string"}}],"inLanguage":"sv-SE"}]}},"_links":{"self":[{"href":"https:\/\/spatialworld.fi\/sv\/wp-json\/wp\/v2\/pages\/134","targetHints":{"allow":["GET"]}}],"collection":[{"href":"https:\/\/spatialworld.fi\/sv\/wp-json\/wp\/v2\/pages"}],"about":[{"href":"https:\/\/spatialworld.fi\/sv\/wp-json\/wp\/v2\/types\/page"}],"author":[{"embeddable":true,"href":"https:\/\/spatialworld.fi\/sv\/wp-json\/wp\/v2\/users\/2"}],"replies":[{"embeddable":true,"href":"https:\/\/spatialworld.fi\/sv\/wp-json\/wp\/v2\/comments?post=134"}],"version-history":[{"count":13,"href":"https:\/\/spatialworld.fi\/sv\/wp-json\/wp\/v2\/pages\/134\/revisions"}],"predecessor-version":[{"id":5212,"href":"https:\/\/spatialworld.fi\/sv\/wp-json\/wp\/v2\/pages\/134\/revisions\/5212"}],"up":[{"embeddable":true,"href":"https:\/\/spatialworld.fi\/sv\/wp-json\/wp\/v2\/pages\/10"}],"wp:attachment":[{"href":"https:\/\/spatialworld.fi\/sv\/wp-json\/wp\/v2\/media?parent=134"}],"curies":[{"name":"wp","href":"https:\/\/api.w.org\/{rel}","templated":true}]}}