{"id":35,"date":"2014-04-10T22:52:02","date_gmt":"2014-04-10T19:52:02","guid":{"rendered":"http:\/\/helppia.fi\/spatialworld\/?page_id=35"},"modified":"2022-01-24T19:03:03","modified_gmt":"2022-01-24T17:03:03","slug":"smallworld-asiakkaat","status":"publish","type":"page","link":"https:\/\/spatialworld.fi\/fi\/smallworld\/smallworld-asiakkaat\/","title":{"rendered":"Smallworld-asiakkaat"},"content":{"rendered":"<h4>Smallworld-asiakkaat<\/h4>\n<p>Tyypillinen Smallworld-asiakas suunnittelee, rakentaa, k\u00e4ytt\u00e4\u00e4 ja hallinnoi monimutkaisia verkkoja k\u00e4ytt\u00e4en Smallworld-ohjelmistoa. Asiakkaat edustavat seuraavia liiketoiminnan aloja ja ty\u00f6skentelev\u00e4t seuraavien sovelluksien kanssa:<\/p>\n<ul>\n<li>Laitosverkkojen ratkaisut. Integroidut sovellukset siirto- ja jakeluverkkojen sek\u00e4 -varojen suunnitteluun ja hallinnointiin.<\/li>\n<li>Puhelinverkkoratkaisut. Per\u00e4kk\u00e4isten puhelinverkkojen ratkaisut, jotka yhdist\u00e4v\u00e4t verkkorakennusten sis\u00e4- ja ulkopuolisen datan fyysiseen ja loogiseen verkkoon.<\/li>\n<li>GIS-ratkaisut. Paikkatiedon hallinnointia valtiolle ja teollisuudenaloille kuten liikennej\u00e4rjestelm\u00e4t, kuntasuunnittelu, ja maan varallisuuden hallinnoinnin seuranta.<\/li>\n<\/ul>\n<p>Paikkatiedon k\u00e4yt\u00f6n kasvu organisaatioissa, nopeat muutokset ty\u00f6ymp\u00e4rist\u00f6ss\u00e4 ja kasvava tarve integroiduille j\u00e4rjestelmille luovat uusia tarpeita ja vaatimuksia moderneille GIS-sovelluksille. Smallworld-teknologia vastaa n\u00e4ihin haasteisiin tarjoamalla avoimen ja skaalattavan ohjelmistoarkkitehtuurin sek\u00e4 nopean sovelluskehityksen.","protected":false},"excerpt":{"rendered":"<p>Smallworld-asiakkaat Tyypillinen Smallworld-asiakas suunnittelee, rakentaa, k\u00e4ytt\u00e4\u00e4 ja hallinnoi monimutkaisia verkkoja k\u00e4ytt\u00e4en Smallworld-ohjelmistoa. Asiakkaat edustavat seuraavia liiketoiminnan aloja ja ty\u00f6skentelev\u00e4t seuraavien sovelluksien kanssa: Laitosverkkojen ratkaisut. Integroidut sovellukset siirto- ja jakeluverkkojen sek\u00e4&#8230;<\/p>\n","protected":false},"author":2,"featured_media":0,"parent":10,"menu_order":4,"comment_status":"open","ping_status":"closed","template":"","meta":{"footnotes":""},"class_list":["post-35","page","type-page","status-publish"],"yoast_head":"<!-- This site is optimized with the Yoast SEO plugin v27.1.1 - https:\/\/yoast.com\/product\/yoast-seo-wordpress\/ -->\n<title>Smallworld-asiakkaat<\/title>\n<meta name=\"robots\" content=\"index, follow, max-snippet:-1, max-image-preview:large, max-video-preview:-1\" \/>\n<link rel=\"canonical\" href=\"https:\/\/spatialworld.fi\/fi\/smallworld\/smallworld-asiakkaat\/\" \/>\n<meta property=\"og:locale\" content=\"fi_FI\" \/>\n<meta property=\"og:type\" content=\"article\" \/>\n<meta property=\"og:title\" content=\"Smallworld-asiakkaat\" \/>\n<meta property=\"og:description\" content=\"Smallworld-asiakkaat Tyypillinen Smallworld-asiakas suunnittelee, rakentaa, k\u00e4ytt\u00e4\u00e4 ja hallinnoi monimutkaisia verkkoja k\u00e4ytt\u00e4en Smallworld-ohjelmistoa. Asiakkaat edustavat seuraavia liiketoiminnan aloja ja ty\u00f6skentelev\u00e4t seuraavien sovelluksien kanssa: Laitosverkkojen ratkaisut. Integroidut sovellukset siirto- ja jakeluverkkojen sek\u00e4...\" \/>\n<meta property=\"og:url\" content=\"https:\/\/spatialworld.fi\/fi\/smallworld\/smallworld-asiakkaat\/\" \/>\n<meta property=\"og:site_name\" content=\"Spatialworld Oy\" \/>\n<meta property=\"article:modified_time\" content=\"2022-01-24T17:03:03+00:00\" \/>\n<meta name=\"twitter:label1\" content=\"Arvioitu lukuaika\" \/>\n\t<meta name=\"twitter:data1\" content=\"1 minuutti\" \/>\n<script type=\"application\/ld+json\" class=\"yoast-schema-graph\">{\"@context\":\"https:\/\/schema.org\",\"@graph\":[{\"@type\":\"WebPage\",\"@id\":\"https:\/\/spatialworld.fi\/fi\/smallworld\/smallworld-asiakkaat\/\",\"url\":\"https:\/\/spatialworld.fi\/fi\/smallworld\/smallworld-asiakkaat\/\",\"name\":\"Smallworld-asiakkaat\",\"isPartOf\":{\"@id\":\"https:\/\/spatialworld.fi\/fi\/#website\"},\"datePublished\":\"2014-04-10T19:52:02+00:00\",\"dateModified\":\"2022-01-24T17:03:03+00:00\",\"breadcrumb\":{\"@id\":\"https:\/\/spatialworld.fi\/fi\/smallworld\/smallworld-asiakkaat\/#breadcrumb\"},\"inLanguage\":\"fi\",\"potentialAction\":[{\"@type\":\"ReadAction\",\"target\":[[\"https:\/\/spatialworld.fi\/fi\/smallworld\/smallworld-asiakkaat\/\"]]}]},{\"@type\":\"BreadcrumbList\",\"@id\":\"https:\/\/spatialworld.fi\/fi\/smallworld\/smallworld-asiakkaat\/#breadcrumb\",\"itemListElement\":[{\"@type\":\"ListItem\",\"position\":1,\"name\":\"Home\",\"item\":\"https:\/\/spatialworld.fi\/fi\/\"},{\"@type\":\"ListItem\",\"position\":2,\"name\":\"Smallworld\",\"item\":\"https:\/\/spatialworld.fi\/fi\/smallworld\/\"},{\"@type\":\"ListItem\",\"position\":3,\"name\":\"Smallworld Customers\"}]},{\"@type\":\"WebSite\",\"@id\":\"https:\/\/spatialworld.fi\/fi\/#website\",\"url\":\"https:\/\/spatialworld.fi\/fi\/\",\"name\":\"Spatialworld Oy\",\"description\":\"\",\"potentialAction\":[{\"@type\":\"SearchAction\",\"target\":{\"@type\":\"EntryPoint\",\"urlTemplate\":\"https:\/\/spatialworld.fi\/fi\/?s={search_term_string}\"},\"query-input\":{\"@type\":\"PropertyValueSpecification\",\"valueRequired\":true,\"valueName\":\"search_term_string\"}}],\"inLanguage\":\"fi\"}]}<\/script>\n<!-- \/ Yoast SEO plugin. -->","yoast_head_json":{"title":"Smallworld-asiakkaat","robots":{"index":"index","follow":"follow","max-snippet":"max-snippet:-1","max-image-preview":"max-image-preview:large","max-video-preview":"max-video-preview:-1"},"canonical":"https:\/\/spatialworld.fi\/fi\/smallworld\/smallworld-asiakkaat\/","og_locale":"fi_FI","og_type":"article","og_title":"Smallworld-asiakkaat","og_description":"Smallworld-asiakkaat Tyypillinen Smallworld-asiakas suunnittelee, rakentaa, k\u00e4ytt\u00e4\u00e4 ja hallinnoi monimutkaisia verkkoja k\u00e4ytt\u00e4en Smallworld-ohjelmistoa. Asiakkaat edustavat seuraavia liiketoiminnan aloja ja ty\u00f6skentelev\u00e4t seuraavien sovelluksien kanssa: Laitosverkkojen ratkaisut. Integroidut sovellukset siirto- ja jakeluverkkojen sek\u00e4...","og_url":"https:\/\/spatialworld.fi\/fi\/smallworld\/smallworld-asiakkaat\/","og_site_name":"Spatialworld Oy","article_modified_time":"2022-01-24T17:03:03+00:00","twitter_misc":{"Arvioitu lukuaika":"1 minuutti"},"schema":{"@context":"https:\/\/schema.org","@graph":[{"@type":"WebPage","@id":"https:\/\/spatialworld.fi\/fi\/smallworld\/smallworld-asiakkaat\/","url":"https:\/\/spatialworld.fi\/fi\/smallworld\/smallworld-asiakkaat\/","name":"Smallworld-asiakkaat","isPartOf":{"@id":"https:\/\/spatialworld.fi\/fi\/#website"},"datePublished":"2014-04-10T19:52:02+00:00","dateModified":"2022-01-24T17:03:03+00:00","breadcrumb":{"@id":"https:\/\/spatialworld.fi\/fi\/smallworld\/smallworld-asiakkaat\/#breadcrumb"},"inLanguage":"fi","potentialAction":[{"@type":"ReadAction","target":[["https:\/\/spatialworld.fi\/fi\/smallworld\/smallworld-asiakkaat\/"]]}]},{"@type":"BreadcrumbList","@id":"https:\/\/spatialworld.fi\/fi\/smallworld\/smallworld-asiakkaat\/#breadcrumb","itemListElement":[{"@type":"ListItem","position":1,"name":"Home","item":"https:\/\/spatialworld.fi\/fi\/"},{"@type":"ListItem","position":2,"name":"Smallworld","item":"https:\/\/spatialworld.fi\/fi\/smallworld\/"},{"@type":"ListItem","position":3,"name":"Smallworld Customers"}]},{"@type":"WebSite","@id":"https:\/\/spatialworld.fi\/fi\/#website","url":"https:\/\/spatialworld.fi\/fi\/","name":"Spatialworld Oy","description":"","potentialAction":[{"@type":"SearchAction","target":{"@type":"EntryPoint","urlTemplate":"https:\/\/spatialworld.fi\/fi\/?s={search_term_string}"},"query-input":{"@type":"PropertyValueSpecification","valueRequired":true,"valueName":"search_term_string"}}],"inLanguage":"fi"}]}},"_links":{"self":[{"href":"https:\/\/spatialworld.fi\/fi\/wp-json\/wp\/v2\/pages\/35","targetHints":{"allow":["GET"]}}],"collection":[{"href":"https:\/\/spatialworld.fi\/fi\/wp-json\/wp\/v2\/pages"}],"about":[{"href":"https:\/\/spatialworld.fi\/fi\/wp-json\/wp\/v2\/types\/page"}],"author":[{"embeddable":true,"href":"https:\/\/spatialworld.fi\/fi\/wp-json\/wp\/v2\/users\/2"}],"replies":[{"embeddable":true,"href":"https:\/\/spatialworld.fi\/fi\/wp-json\/wp\/v2\/comments?post=35"}],"version-history":[{"count":8,"href":"https:\/\/spatialworld.fi\/fi\/wp-json\/wp\/v2\/pages\/35\/revisions"}],"predecessor-version":[{"id":4219,"href":"https:\/\/spatialworld.fi\/fi\/wp-json\/wp\/v2\/pages\/35\/revisions\/4219"}],"up":[{"embeddable":true,"href":"https:\/\/spatialworld.fi\/fi\/wp-json\/wp\/v2\/pages\/10"}],"wp:attachment":[{"href":"https:\/\/spatialworld.fi\/fi\/wp-json\/wp\/v2\/media?parent=35"}],"curies":[{"name":"wp","href":"https:\/\/api.w.org\/{rel}","templated":true}]}}