{"id":233,"date":"2014-05-08T12:17:03","date_gmt":"2014-05-08T09:17:03","guid":{"rendered":"http:\/\/helppia.fi\/spatialworld\/?page_id=233"},"modified":"2025-06-19T15:44:20","modified_gmt":"2025-06-19T12:44:20","slug":"electric-office","status":"publish","type":"page","link":"https:\/\/spatialworld.fi\/fi\/smallworld\/electric-office\/","title":{"rendered":"Electric Office"},"content":{"rendered":"[vc_row type=&#8221;in_container&#8221; full_screen_row_position=&#8221;middle&#8221; column_margin=&#8221;default&#8221; column_direction=&#8221;default&#8221; column_direction_tablet=&#8221;default&#8221; column_direction_phone=&#8221;default&#8221; scene_position=&#8221;center&#8221; text_color=&#8221;dark&#8221; text_align=&#8221;left&#8221; row_border_radius=&#8221;none&#8221; row_border_radius_applies=&#8221;bg&#8221; overflow=&#8221;visible&#8221; overlay_strength=&#8221;0.3&#8243; gradient_direction=&#8221;left_to_right&#8221; shape_divider_position=&#8221;bottom&#8221; bg_image_animation=&#8221;none&#8221;][vc_column column_padding=&#8221;no-extra-padding&#8221; column_padding_tablet=&#8221;inherit&#8221; column_padding_phone=&#8221;inherit&#8221; column_padding_position=&#8221;all&#8221; column_element_direction_desktop=&#8221;default&#8221; column_element_spacing=&#8221;default&#8221; desktop_text_alignment=&#8221;default&#8221; tablet_text_alignment=&#8221;default&#8221; phone_text_alignment=&#8221;default&#8221; background_color_opacity=&#8221;1&#8243; background_hover_color_opacity=&#8221;1&#8243; column_backdrop_filter=&#8221;none&#8221; column_shadow=&#8221;none&#8221; column_border_radius=&#8221;none&#8221; column_link_target=&#8221;_self&#8221; column_position=&#8221;default&#8221; gradient_direction=&#8221;left_to_right&#8221; overlay_strength=&#8221;0.3&#8243; width=&#8221;1\/1&#8243; tablet_width_inherit=&#8221;default&#8221; animation_type=&#8221;default&#8221; bg_image_animation=&#8221;none&#8221; border_type=&#8221;simple&#8221; column_border_width=&#8221;none&#8221; column_border_style=&#8221;solid&#8221;][vc_column_text css=&#8221;&#8221; text_direction=&#8221;default&#8221;]\n<h3>Smallworld Electric Office<\/h3>\n<p>GE Vernovan Smallworld Electric Office&#x2122; -tuote on kattava sovellus s\u00e4hk\u00f6n siirto- ja jakeluverkkojen dokumentointiin ja tarjoaa tuen s\u00e4hk\u00f6laitoksen verkko-omaisuuden elinkaaren hallintaan suunnittelusta korjauksiin ja uusimisiin.<\/p>\n<p>Smallworld Electric Office -tuotekokonaisuus alentaa kokonaiskustannuksia standardin asennuksen, minimaalisen r\u00e4\u00e4t\u00e4l\u00f6intitarpeen, virtaviivaisen yll\u00e4pidon ja hyvin suunniteltujen p\u00e4ivitysten ansiosta, sek\u00e4 parantamalla toiminnan tehokkuutta.<\/p>\n<p>Smallworld Electric Officen osat:<\/p>\n<ul>\n<li>Electric Office, dokumentointi- ja suunnittelusovellus<\/li>\n<li>Electric Office Web, webk\u00e4ytt\u00f6liittym\u00e4<\/li>\n<li>GIS Adapter on CIM-standardin mukainen integrointituote tiedon siirtoon esimerkiksi DMS-j\u00e4rjestelm\u00e4\u00e4n<\/li>\n<li>Analysis &amp; Optimization verkon analysointia ja optimointia varten<\/li>\n<\/ul>\n<p><a href=\"https:\/\/www.gevernova.com\/software\/products\/geospatial-network-management-smallworld-gis\">https:\/\/www.gevernova.com\/software\/products\/geospatial-network-management-smallworld-gis<\/a>[\/vc_column_text][\/vc_column][\/vc_row]","protected":false},"excerpt":{"rendered":"<p>[vc_row type=&#8221;in_container&#8221; full_screen_row_position=&#8221;middle&#8221; column_margin=&#8221;default&#8221; column_direction=&#8221;default&#8221; column_direction_tablet=&#8221;default&#8221; column_direction_phone=&#8221;default&#8221; scene_position=&#8221;center&#8221; text_color=&#8221;dark&#8221; text_align=&#8221;left&#8221; row_border_radius=&#8221;none&#8221; row_border_radius_applies=&#8221;bg&#8221; overflow=&#8221;visible&#8221; overlay_strength=&#8221;0.3&#8243; gradient_direction=&#8221;left_to_right&#8221; shape_divider_position=&#8221;bottom&#8221; bg_image_animation=&#8221;none&#8221;][vc_column column_padding=&#8221;no-extra-padding&#8221; column_padding_tablet=&#8221;inherit&#8221; column_padding_phone=&#8221;inherit&#8221; column_padding_position=&#8221;all&#8221; column_element_direction_desktop=&#8221;default&#8221; column_element_spacing=&#8221;default&#8221; desktop_text_alignment=&#8221;default&#8221; tablet_text_alignment=&#8221;default&#8221; phone_text_alignment=&#8221;default&#8221; background_color_opacity=&#8221;1&#8243; background_hover_color_opacity=&#8221;1&#8243; column_backdrop_filter=&#8221;none&#8221; column_shadow=&#8221;none&#8221;&#8230;<\/p>\n","protected":false},"author":2,"featured_media":0,"parent":10,"menu_order":6,"comment_status":"open","ping_status":"closed","template":"","meta":{"footnotes":""},"class_list":["post-233","page","type-page","status-publish"],"yoast_head":"<!-- This site is optimized with the Yoast SEO plugin v27.4 - https:\/\/yoast.com\/product\/yoast-seo-wordpress\/ -->\n<title>Electric Office<\/title>\n<meta name=\"robots\" content=\"index, follow, max-snippet:-1, max-image-preview:large, max-video-preview:-1\" \/>\n<link rel=\"canonical\" href=\"https:\/\/spatialworld.fi\/fi\/smallworld\/electric-office\/\" \/>\n<meta property=\"og:locale\" content=\"fi_FI\" \/>\n<meta property=\"og:type\" content=\"article\" \/>\n<meta property=\"og:title\" content=\"Electric Office\" \/>\n<meta property=\"og:description\" content=\"[vc_row type=&#8221;in_container&#8221; full_screen_row_position=&#8221;middle&#8221; column_margin=&#8221;default&#8221; column_direction=&#8221;default&#8221; column_direction_tablet=&#8221;default&#8221; column_direction_phone=&#8221;default&#8221; scene_position=&#8221;center&#8221; text_color=&#8221;dark&#8221; text_align=&#8221;left&#8221; row_border_radius=&#8221;none&#8221; row_border_radius_applies=&#8221;bg&#8221; overflow=&#8221;visible&#8221; overlay_strength=&#8221;0.3&#8243; gradient_direction=&#8221;left_to_right&#8221; shape_divider_position=&#8221;bottom&#8221; bg_image_animation=&#8221;none&#8221;][vc_column column_padding=&#8221;no-extra-padding&#8221; column_padding_tablet=&#8221;inherit&#8221; column_padding_phone=&#8221;inherit&#8221; column_padding_position=&#8221;all&#8221; column_element_direction_desktop=&#8221;default&#8221; column_element_spacing=&#8221;default&#8221; desktop_text_alignment=&#8221;default&#8221; tablet_text_alignment=&#8221;default&#8221; phone_text_alignment=&#8221;default&#8221; background_color_opacity=&#8221;1&#8243; background_hover_color_opacity=&#8221;1&#8243; column_backdrop_filter=&#8221;none&#8221; column_shadow=&#8221;none&#8221;...\" \/>\n<meta property=\"og:url\" content=\"https:\/\/spatialworld.fi\/fi\/smallworld\/electric-office\/\" \/>\n<meta property=\"og:site_name\" content=\"Spatialworld Oy\" \/>\n<meta property=\"article:modified_time\" content=\"2025-06-19T12:44:20+00:00\" \/>\n<meta name=\"twitter:label1\" content=\"Arvioitu lukuaika\" \/>\n\t<meta name=\"twitter:data1\" content=\"1 minuutti\" \/>\n<script type=\"application\/ld+json\" class=\"yoast-schema-graph\">{\"@context\":\"https:\\\/\\\/schema.org\",\"@graph\":[{\"@type\":\"WebPage\",\"@id\":\"https:\\\/\\\/spatialworld.fi\\\/fi\\\/smallworld\\\/electric-office\\\/\",\"url\":\"https:\\\/\\\/spatialworld.fi\\\/fi\\\/smallworld\\\/electric-office\\\/\",\"name\":\"Electric Office\",\"isPartOf\":{\"@id\":\"https:\\\/\\\/spatialworld.fi\\\/fi\\\/#website\"},\"datePublished\":\"2014-05-08T09:17:03+00:00\",\"dateModified\":\"2025-06-19T12:44:20+00:00\",\"breadcrumb\":{\"@id\":\"https:\\\/\\\/spatialworld.fi\\\/fi\\\/smallworld\\\/electric-office\\\/#breadcrumb\"},\"inLanguage\":\"fi\",\"potentialAction\":[{\"@type\":\"ReadAction\",\"target\":[[\"https:\\\/\\\/spatialworld.fi\\\/fi\\\/smallworld\\\/electric-office\\\/\"]]}]},{\"@type\":\"BreadcrumbList\",\"@id\":\"https:\\\/\\\/spatialworld.fi\\\/fi\\\/smallworld\\\/electric-office\\\/#breadcrumb\",\"itemListElement\":[{\"@type\":\"ListItem\",\"position\":1,\"name\":\"Home\",\"item\":\"https:\\\/\\\/spatialworld.fi\\\/fi\\\/\"},{\"@type\":\"ListItem\",\"position\":2,\"name\":\"Smallworld\",\"item\":\"https:\\\/\\\/spatialworld.fi\\\/fi\\\/smallworld\\\/\"},{\"@type\":\"ListItem\",\"position\":3,\"name\":\"Electric Office\"}]},{\"@type\":\"WebSite\",\"@id\":\"https:\\\/\\\/spatialworld.fi\\\/fi\\\/#website\",\"url\":\"https:\\\/\\\/spatialworld.fi\\\/fi\\\/\",\"name\":\"Spatialworld Oy\",\"description\":\"\",\"potentialAction\":[{\"@type\":\"SearchAction\",\"target\":{\"@type\":\"EntryPoint\",\"urlTemplate\":\"https:\\\/\\\/spatialworld.fi\\\/fi\\\/?s={search_term_string}\"},\"query-input\":{\"@type\":\"PropertyValueSpecification\",\"valueRequired\":true,\"valueName\":\"search_term_string\"}}],\"inLanguage\":\"fi\"}]}<\/script>\n<!-- \/ Yoast SEO plugin. -->","yoast_head_json":{"title":"Electric Office","robots":{"index":"index","follow":"follow","max-snippet":"max-snippet:-1","max-image-preview":"max-image-preview:large","max-video-preview":"max-video-preview:-1"},"canonical":"https:\/\/spatialworld.fi\/fi\/smallworld\/electric-office\/","og_locale":"fi_FI","og_type":"article","og_title":"Electric Office","og_description":"[vc_row type=&#8221;in_container&#8221; full_screen_row_position=&#8221;middle&#8221; column_margin=&#8221;default&#8221; column_direction=&#8221;default&#8221; column_direction_tablet=&#8221;default&#8221; column_direction_phone=&#8221;default&#8221; scene_position=&#8221;center&#8221; text_color=&#8221;dark&#8221; text_align=&#8221;left&#8221; row_border_radius=&#8221;none&#8221; row_border_radius_applies=&#8221;bg&#8221; overflow=&#8221;visible&#8221; overlay_strength=&#8221;0.3&#8243; gradient_direction=&#8221;left_to_right&#8221; shape_divider_position=&#8221;bottom&#8221; bg_image_animation=&#8221;none&#8221;][vc_column column_padding=&#8221;no-extra-padding&#8221; column_padding_tablet=&#8221;inherit&#8221; column_padding_phone=&#8221;inherit&#8221; column_padding_position=&#8221;all&#8221; column_element_direction_desktop=&#8221;default&#8221; column_element_spacing=&#8221;default&#8221; desktop_text_alignment=&#8221;default&#8221; tablet_text_alignment=&#8221;default&#8221; phone_text_alignment=&#8221;default&#8221; background_color_opacity=&#8221;1&#8243; background_hover_color_opacity=&#8221;1&#8243; column_backdrop_filter=&#8221;none&#8221; column_shadow=&#8221;none&#8221;...","og_url":"https:\/\/spatialworld.fi\/fi\/smallworld\/electric-office\/","og_site_name":"Spatialworld Oy","article_modified_time":"2025-06-19T12:44:20+00:00","twitter_misc":{"Arvioitu lukuaika":"1 minuutti"},"schema":{"@context":"https:\/\/schema.org","@graph":[{"@type":"WebPage","@id":"https:\/\/spatialworld.fi\/fi\/smallworld\/electric-office\/","url":"https:\/\/spatialworld.fi\/fi\/smallworld\/electric-office\/","name":"Electric Office","isPartOf":{"@id":"https:\/\/spatialworld.fi\/fi\/#website"},"datePublished":"2014-05-08T09:17:03+00:00","dateModified":"2025-06-19T12:44:20+00:00","breadcrumb":{"@id":"https:\/\/spatialworld.fi\/fi\/smallworld\/electric-office\/#breadcrumb"},"inLanguage":"fi","potentialAction":[{"@type":"ReadAction","target":[["https:\/\/spatialworld.fi\/fi\/smallworld\/electric-office\/"]]}]},{"@type":"BreadcrumbList","@id":"https:\/\/spatialworld.fi\/fi\/smallworld\/electric-office\/#breadcrumb","itemListElement":[{"@type":"ListItem","position":1,"name":"Home","item":"https:\/\/spatialworld.fi\/fi\/"},{"@type":"ListItem","position":2,"name":"Smallworld","item":"https:\/\/spatialworld.fi\/fi\/smallworld\/"},{"@type":"ListItem","position":3,"name":"Electric Office"}]},{"@type":"WebSite","@id":"https:\/\/spatialworld.fi\/fi\/#website","url":"https:\/\/spatialworld.fi\/fi\/","name":"Spatialworld Oy","description":"","potentialAction":[{"@type":"SearchAction","target":{"@type":"EntryPoint","urlTemplate":"https:\/\/spatialworld.fi\/fi\/?s={search_term_string}"},"query-input":{"@type":"PropertyValueSpecification","valueRequired":true,"valueName":"search_term_string"}}],"inLanguage":"fi"}]}},"_links":{"self":[{"href":"https:\/\/spatialworld.fi\/fi\/wp-json\/wp\/v2\/pages\/233","targetHints":{"allow":["GET"]}}],"collection":[{"href":"https:\/\/spatialworld.fi\/fi\/wp-json\/wp\/v2\/pages"}],"about":[{"href":"https:\/\/spatialworld.fi\/fi\/wp-json\/wp\/v2\/types\/page"}],"author":[{"embeddable":true,"href":"https:\/\/spatialworld.fi\/fi\/wp-json\/wp\/v2\/users\/2"}],"replies":[{"embeddable":true,"href":"https:\/\/spatialworld.fi\/fi\/wp-json\/wp\/v2\/comments?post=233"}],"version-history":[{"count":15,"href":"https:\/\/spatialworld.fi\/fi\/wp-json\/wp\/v2\/pages\/233\/revisions"}],"predecessor-version":[{"id":17734,"href":"https:\/\/spatialworld.fi\/fi\/wp-json\/wp\/v2\/pages\/233\/revisions\/17734"}],"up":[{"embeddable":true,"href":"https:\/\/spatialworld.fi\/fi\/wp-json\/wp\/v2\/pages\/10"}],"wp:attachment":[{"href":"https:\/\/spatialworld.fi\/fi\/wp-json\/wp\/v2\/media?parent=233"}],"curies":[{"name":"wp","href":"https:\/\/api.w.org\/{rel}","templated":true}]}}