{"id":20,"date":"2014-04-09T22:11:19","date_gmt":"2014-04-09T19:11:19","guid":{"rendered":"http:\/\/helppia.fi\/spatialworld\/?page_id=20"},"modified":"2025-04-15T15:00:59","modified_gmt":"2025-04-15T12:00:59","slug":"spatialworld","status":"publish","type":"page","link":"https:\/\/spatialworld.fi\/fi\/spatialworld\/","title":{"rendered":"Spatialworld"},"content":{"rendered":"[vc_row type=&#8221;full_width_background&#8221; full_screen_row_position=&#8221;middle&#8221; column_margin=&#8221;default&#8221; column_direction=&#8221;default&#8221; column_direction_tablet=&#8221;default&#8221; column_direction_phone=&#8221;default&#8221; bg_image=&#8221;3708&#8243; bg_position=&#8221;left top&#8221; background_image_loading=&#8221;default&#8221; bg_repeat=&#8221;no-repeat&#8221; scene_position=&#8221;center&#8221; text_color=&#8221;dark&#8221; text_align=&#8221;left&#8221; row_border_radius=&#8221;none&#8221; row_border_radius_applies=&#8221;bg&#8221; overflow=&#8221;visible&#8221; enable_gradient=&#8221;true&#8221; color_overlay=&#8221;#0f0f0f&#8221; color_overlay_2=&#8221;#60494e&#8221; overlay_strength=&#8221;0.5&#8243; gradient_direction=&#8221;left_to_right&#8221; shape_divider_position=&#8221;bottom&#8221; bg_image_animation=&#8221;none&#8221; shape_type=&#8221;&#8221;][vc_column column_padding=&#8221;no-extra-padding&#8221; column_padding_tablet=&#8221;inherit&#8221; column_padding_phone=&#8221;inherit&#8221; column_padding_position=&#8221;all&#8221; column_element_direction_desktop=&#8221;default&#8221; column_element_spacing=&#8221;default&#8221; desktop_text_alignment=&#8221;default&#8221; tablet_text_alignment=&#8221;default&#8221; phone_text_alignment=&#8221;default&#8221; background_color_opacity=&#8221;1&#8243; background_hover_color_opacity=&#8221;1&#8243; column_backdrop_filter=&#8221;none&#8221; column_shadow=&#8221;none&#8221; column_border_radius=&#8221;none&#8221; column_link_target=&#8221;_self&#8221; column_position=&#8221;default&#8221; gradient_direction=&#8221;left_to_right&#8221; overlay_strength=&#8221;0.3&#8243; width=&#8221;1\/1&#8243; tablet_width_inherit=&#8221;default&#8221; animation_type=&#8221;default&#8221; bg_image_animation=&#8221;none&#8221; border_type=&#8221;simple&#8221; column_border_width=&#8221;none&#8221; column_border_style=&#8221;solid&#8221;][divider line_type=&#8221;No Line&#8221; custom_height=&#8221;200&#8243;][vc_column_text]\n<blockquote><p><span style=\"color: #ffffff;\"><strong><span style=\"font-size: 36pt;\">Spatialworld Oy<\/span><\/strong><\/span><\/p><\/blockquote>\n[\/vc_column_text][divider line_type=&#8221;No Line&#8221; custom_height=&#8221;10&#8243;][\/vc_column][\/vc_row][vc_row type=&#8221;in_container&#8221; full_screen_row_position=&#8221;middle&#8221; column_margin=&#8221;default&#8221; column_direction=&#8221;default&#8221; column_direction_tablet=&#8221;default&#8221; column_direction_phone=&#8221;default&#8221; scene_position=&#8221;center&#8221; text_color=&#8221;dark&#8221; text_align=&#8221;left&#8221; row_border_radius=&#8221;none&#8221; row_border_radius_applies=&#8221;bg&#8221; overflow=&#8221;visible&#8221; overlay_strength=&#8221;0.3&#8243; gradient_direction=&#8221;left_to_right&#8221; shape_divider_position=&#8221;bottom&#8221; bg_image_animation=&#8221;none&#8221;][vc_column column_padding=&#8221;no-extra-padding&#8221; column_padding_tablet=&#8221;inherit&#8221; column_padding_phone=&#8221;inherit&#8221; column_padding_position=&#8221;all&#8221; column_element_direction_desktop=&#8221;default&#8221; column_element_spacing=&#8221;default&#8221; desktop_text_alignment=&#8221;default&#8221; tablet_text_alignment=&#8221;default&#8221; phone_text_alignment=&#8221;default&#8221; background_color_opacity=&#8221;1&#8243; background_hover_color_opacity=&#8221;1&#8243; column_backdrop_filter=&#8221;none&#8221; column_shadow=&#8221;none&#8221; column_border_radius=&#8221;none&#8221; column_link_target=&#8221;_self&#8221; column_position=&#8221;default&#8221; gradient_direction=&#8221;left_to_right&#8221; overlay_strength=&#8221;0.3&#8243; width=&#8221;1\/1&#8243; tablet_width_inherit=&#8221;default&#8221; animation_type=&#8221;default&#8221; bg_image_animation=&#8221;none&#8221; border_type=&#8221;simple&#8221; column_border_width=&#8221;none&#8221; column_border_style=&#8221;solid&#8221;][divider line_type=&#8221;No Line&#8221; custom_height=&#8221;30&#8243;][vc_column_text css=&#8221;&#8221; text_direction=&#8221;default&#8221;]\n<h3>Spatialworld Oy<\/h3>\n<p>Spatialworld Oy on GE Vernovan Smallworld GIS -tuotteiden ja -palveluiden valtuutettu edustaja Suomessa, Ruotsissa ja Baltian maissa. Edustamme my\u00f6s GE Vernovan Kelman- ja Hydran-kunnonvalvontatuotteita ja palveluita niihin. Safe Softwaren FME-tuotteet ovat my\u00f6s edustamiemme tuotteiden joukossa.<\/p>\n<p>&nbsp;<\/p>\n<p>Tarjoamme asiakkaillemme n\u00e4ihin alan johtaviin teknologioihin perustuvia tuotteita sek\u00e4 niihin liittyvi\u00e4 palveluita, kuten tukea, koulutusta ja konsultointia. Voimme my\u00f6s toteuttaa projekteja itse tai yhteisty\u00f6ss\u00e4 muiden toimijoiden kanssa.<\/p>\n<p>&nbsp;<\/p>\n<p>Smallworld GIS-pohjaiset sovellukset auttavat asiakkaitamme suunnittelemaan, rakentamaan, k\u00e4ytt\u00e4m\u00e4\u00e4n ja hallitsemaan monimutkaisia laitteistoverkkoja. Sovellukset rakentuvat asiakasymp\u00e4rist\u00f6iss\u00e4 testattuun olioteknologiaan. Sovellukset huolehtivat tietojen eheydest\u00e4 ja ne on helppo integroida muihin organisaation sovelluksiin, mik\u00e4 mahdollistaa saumattoman tiedonkulun organisaation sis\u00e4ll\u00e4.<\/p>\n<p>&nbsp;<\/p>\n<p>Kelman- ja Hydran-muuntajavalvontatuotteilla muuntajavauriot voidaan havaita varhaisessa vaiheessa, jolloin kalliit, suunnittelemattomat keskeytykset ja laiteh\u00e4iri\u00f6t voidaan minimoida.<\/p>\n<p>&nbsp;<\/p>\n<p>Safe Softwaren FME-tuotteilla paikkatietoja ja monia muita tietoja voidaan lukea useista eri l\u00e4hteist\u00e4, analysoida ja yhdist\u00e4\u00e4 muihin tietoihin, korjata virheit\u00e4 ja vied\u00e4 tiedot muihin j\u00e4rjestelmiin ja tiedostoihin. FME on my\u00f6s paljon k\u00e4ytetty ty\u00f6kalu muuntamiseen ja j\u00e4rjestelmien integrointiin. FME:n avulla voidaan rakentaa monimutkaisia tiedonkulkuprosesseja ilman koodausta graafisen k\u00e4ytt\u00f6liittym\u00e4n avulla.[\/vc_column_text][\/vc_column][\/vc_row]","protected":false},"excerpt":{"rendered":"<p>[vc_row type=&#8221;full_width_background&#8221; full_screen_row_position=&#8221;middle&#8221; column_margin=&#8221;default&#8221; column_direction=&#8221;default&#8221; column_direction_tablet=&#8221;default&#8221; column_direction_phone=&#8221;default&#8221; bg_image=&#8221;3708&#8243; bg_position=&#8221;left top&#8221; background_image_loading=&#8221;default&#8221; bg_repeat=&#8221;no-repeat&#8221; scene_position=&#8221;center&#8221; text_color=&#8221;dark&#8221; text_align=&#8221;left&#8221; row_border_radius=&#8221;none&#8221; row_border_radius_applies=&#8221;bg&#8221; overflow=&#8221;visible&#8221; enable_gradient=&#8221;true&#8221; color_overlay=&#8221;#0f0f0f&#8221; color_overlay_2=&#8221;#60494e&#8221; overlay_strength=&#8221;0.5&#8243; gradient_direction=&#8221;left_to_right&#8221; shape_divider_position=&#8221;bottom&#8221; bg_image_animation=&#8221;none&#8221; shape_type=&#8221;&#8221;][vc_column column_padding=&#8221;no-extra-padding&#8221; column_padding_tablet=&#8221;inherit&#8221; column_padding_phone=&#8221;inherit&#8221; column_padding_position=&#8221;all&#8221;&#8230;<\/p>\n","protected":false},"author":2,"featured_media":0,"parent":0,"menu_order":2,"comment_status":"open","ping_status":"closed","template":"","meta":{"footnotes":""},"class_list":["post-20","page","type-page","status-publish"],"yoast_head":"<!-- This site is optimized with the Yoast SEO plugin v27.4 - https:\/\/yoast.com\/product\/yoast-seo-wordpress\/ -->\n<title>Spatialworld<\/title>\n<meta name=\"robots\" content=\"index, follow, max-snippet:-1, max-image-preview:large, max-video-preview:-1\" \/>\n<link rel=\"canonical\" href=\"https:\/\/spatialworld.fi\/fi\/spatialworld\/\" \/>\n<meta property=\"og:locale\" content=\"fi_FI\" \/>\n<meta property=\"og:type\" content=\"article\" \/>\n<meta property=\"og:title\" content=\"Spatialworld\" \/>\n<meta property=\"og:description\" content=\"[vc_row type=&#8221;full_width_background&#8221; full_screen_row_position=&#8221;middle&#8221; column_margin=&#8221;default&#8221; column_direction=&#8221;default&#8221; column_direction_tablet=&#8221;default&#8221; column_direction_phone=&#8221;default&#8221; bg_image=&#8221;3708&#8243; bg_position=&#8221;left top&#8221; background_image_loading=&#8221;default&#8221; bg_repeat=&#8221;no-repeat&#8221; scene_position=&#8221;center&#8221; text_color=&#8221;dark&#8221; text_align=&#8221;left&#8221; row_border_radius=&#8221;none&#8221; row_border_radius_applies=&#8221;bg&#8221; overflow=&#8221;visible&#8221; enable_gradient=&#8221;true&#8221; color_overlay=&#8221;#0f0f0f&#8221; color_overlay_2=&#8221;#60494e&#8221; overlay_strength=&#8221;0.5&#8243; gradient_direction=&#8221;left_to_right&#8221; shape_divider_position=&#8221;bottom&#8221; bg_image_animation=&#8221;none&#8221; shape_type=&#8221;&#8221;][vc_column column_padding=&#8221;no-extra-padding&#8221; column_padding_tablet=&#8221;inherit&#8221; column_padding_phone=&#8221;inherit&#8221; column_padding_position=&#8221;all&#8221;...\" \/>\n<meta property=\"og:url\" content=\"https:\/\/spatialworld.fi\/fi\/spatialworld\/\" \/>\n<meta property=\"og:site_name\" content=\"Spatialworld Oy\" \/>\n<meta property=\"article:modified_time\" content=\"2025-04-15T12:00:59+00:00\" \/>\n<meta name=\"twitter:label1\" content=\"Arvioitu lukuaika\" \/>\n\t<meta name=\"twitter:data1\" content=\"3 minuuttia\" \/>\n<script type=\"application\/ld+json\" class=\"yoast-schema-graph\">{\"@context\":\"https:\\\/\\\/schema.org\",\"@graph\":[{\"@type\":\"WebPage\",\"@id\":\"https:\\\/\\\/spatialworld.fi\\\/fi\\\/spatialworld\\\/\",\"url\":\"https:\\\/\\\/spatialworld.fi\\\/fi\\\/spatialworld\\\/\",\"name\":\"Spatialworld\",\"isPartOf\":{\"@id\":\"https:\\\/\\\/spatialworld.fi\\\/fi\\\/#website\"},\"datePublished\":\"2014-04-09T19:11:19+00:00\",\"dateModified\":\"2025-04-15T12:00:59+00:00\",\"breadcrumb\":{\"@id\":\"https:\\\/\\\/spatialworld.fi\\\/fi\\\/spatialworld\\\/#breadcrumb\"},\"inLanguage\":\"fi\",\"potentialAction\":[{\"@type\":\"ReadAction\",\"target\":[[\"https:\\\/\\\/spatialworld.fi\\\/fi\\\/spatialworld\\\/\"]]}]},{\"@type\":\"BreadcrumbList\",\"@id\":\"https:\\\/\\\/spatialworld.fi\\\/fi\\\/spatialworld\\\/#breadcrumb\",\"itemListElement\":[{\"@type\":\"ListItem\",\"position\":1,\"name\":\"Home\",\"item\":\"https:\\\/\\\/spatialworld.fi\\\/fi\\\/\"},{\"@type\":\"ListItem\",\"position\":2,\"name\":\"Spatialworld\"}]},{\"@type\":\"WebSite\",\"@id\":\"https:\\\/\\\/spatialworld.fi\\\/fi\\\/#website\",\"url\":\"https:\\\/\\\/spatialworld.fi\\\/fi\\\/\",\"name\":\"Spatialworld Oy\",\"description\":\"\",\"potentialAction\":[{\"@type\":\"SearchAction\",\"target\":{\"@type\":\"EntryPoint\",\"urlTemplate\":\"https:\\\/\\\/spatialworld.fi\\\/fi\\\/?s={search_term_string}\"},\"query-input\":{\"@type\":\"PropertyValueSpecification\",\"valueRequired\":true,\"valueName\":\"search_term_string\"}}],\"inLanguage\":\"fi\"}]}<\/script>\n<!-- \/ Yoast SEO plugin. -->","yoast_head_json":{"title":"Spatialworld","robots":{"index":"index","follow":"follow","max-snippet":"max-snippet:-1","max-image-preview":"max-image-preview:large","max-video-preview":"max-video-preview:-1"},"canonical":"https:\/\/spatialworld.fi\/fi\/spatialworld\/","og_locale":"fi_FI","og_type":"article","og_title":"Spatialworld","og_description":"[vc_row type=&#8221;full_width_background&#8221; full_screen_row_position=&#8221;middle&#8221; column_margin=&#8221;default&#8221; column_direction=&#8221;default&#8221; column_direction_tablet=&#8221;default&#8221; column_direction_phone=&#8221;default&#8221; bg_image=&#8221;3708&#8243; bg_position=&#8221;left top&#8221; background_image_loading=&#8221;default&#8221; bg_repeat=&#8221;no-repeat&#8221; scene_position=&#8221;center&#8221; text_color=&#8221;dark&#8221; text_align=&#8221;left&#8221; row_border_radius=&#8221;none&#8221; row_border_radius_applies=&#8221;bg&#8221; overflow=&#8221;visible&#8221; enable_gradient=&#8221;true&#8221; color_overlay=&#8221;#0f0f0f&#8221; color_overlay_2=&#8221;#60494e&#8221; overlay_strength=&#8221;0.5&#8243; gradient_direction=&#8221;left_to_right&#8221; shape_divider_position=&#8221;bottom&#8221; bg_image_animation=&#8221;none&#8221; shape_type=&#8221;&#8221;][vc_column column_padding=&#8221;no-extra-padding&#8221; column_padding_tablet=&#8221;inherit&#8221; column_padding_phone=&#8221;inherit&#8221; column_padding_position=&#8221;all&#8221;...","og_url":"https:\/\/spatialworld.fi\/fi\/spatialworld\/","og_site_name":"Spatialworld Oy","article_modified_time":"2025-04-15T12:00:59+00:00","twitter_misc":{"Arvioitu lukuaika":"3 minuuttia"},"schema":{"@context":"https:\/\/schema.org","@graph":[{"@type":"WebPage","@id":"https:\/\/spatialworld.fi\/fi\/spatialworld\/","url":"https:\/\/spatialworld.fi\/fi\/spatialworld\/","name":"Spatialworld","isPartOf":{"@id":"https:\/\/spatialworld.fi\/fi\/#website"},"datePublished":"2014-04-09T19:11:19+00:00","dateModified":"2025-04-15T12:00:59+00:00","breadcrumb":{"@id":"https:\/\/spatialworld.fi\/fi\/spatialworld\/#breadcrumb"},"inLanguage":"fi","potentialAction":[{"@type":"ReadAction","target":[["https:\/\/spatialworld.fi\/fi\/spatialworld\/"]]}]},{"@type":"BreadcrumbList","@id":"https:\/\/spatialworld.fi\/fi\/spatialworld\/#breadcrumb","itemListElement":[{"@type":"ListItem","position":1,"name":"Home","item":"https:\/\/spatialworld.fi\/fi\/"},{"@type":"ListItem","position":2,"name":"Spatialworld"}]},{"@type":"WebSite","@id":"https:\/\/spatialworld.fi\/fi\/#website","url":"https:\/\/spatialworld.fi\/fi\/","name":"Spatialworld Oy","description":"","potentialAction":[{"@type":"SearchAction","target":{"@type":"EntryPoint","urlTemplate":"https:\/\/spatialworld.fi\/fi\/?s={search_term_string}"},"query-input":{"@type":"PropertyValueSpecification","valueRequired":true,"valueName":"search_term_string"}}],"inLanguage":"fi"}]}},"_links":{"self":[{"href":"https:\/\/spatialworld.fi\/fi\/wp-json\/wp\/v2\/pages\/20","targetHints":{"allow":["GET"]}}],"collection":[{"href":"https:\/\/spatialworld.fi\/fi\/wp-json\/wp\/v2\/pages"}],"about":[{"href":"https:\/\/spatialworld.fi\/fi\/wp-json\/wp\/v2\/types\/page"}],"author":[{"embeddable":true,"href":"https:\/\/spatialworld.fi\/fi\/wp-json\/wp\/v2\/users\/2"}],"replies":[{"embeddable":true,"href":"https:\/\/spatialworld.fi\/fi\/wp-json\/wp\/v2\/comments?post=20"}],"version-history":[{"count":31,"href":"https:\/\/spatialworld.fi\/fi\/wp-json\/wp\/v2\/pages\/20\/revisions"}],"predecessor-version":[{"id":17529,"href":"https:\/\/spatialworld.fi\/fi\/wp-json\/wp\/v2\/pages\/20\/revisions\/17529"}],"wp:attachment":[{"href":"https:\/\/spatialworld.fi\/fi\/wp-json\/wp\/v2\/media?parent=20"}],"curies":[{"name":"wp","href":"https:\/\/api.w.org\/{rel}","templated":true}]}}