{"id":17435,"date":"2025-03-27T15:32:01","date_gmt":"2025-03-27T13:32:01","guid":{"rendered":"https:\/\/spatialworld.fi\/?page_id=17435"},"modified":"2025-03-31T12:27:57","modified_gmt":"2025-03-31T09:27:57","slug":"post-pdal","status":"publish","type":"page","link":"https:\/\/spatialworld.fi\/fi\/post-pdal\/","title":{"rendered":"Pdal Transformer"},"content":{"rendered":"[vc_row type=&#8221;in_container&#8221; full_screen_row_position=&#8221;middle&#8221; column_margin=&#8221;default&#8221; column_direction=&#8221;default&#8221; column_direction_tablet=&#8221;default&#8221; column_direction_phone=&#8221;default&#8221; scene_position=&#8221;center&#8221; text_color=&#8221;dark&#8221; text_align=&#8221;left&#8221; row_border_radius=&#8221;none&#8221; row_border_radius_applies=&#8221;bg&#8221; overflow=&#8221;visible&#8221; overlay_strength=&#8221;0.3&#8243; gradient_direction=&#8221;left_to_right&#8221; shape_divider_position=&#8221;bottom&#8221; bg_image_animation=&#8221;none&#8221;][vc_column column_padding=&#8221;no-extra-padding&#8221; column_padding_tablet=&#8221;inherit&#8221; column_padding_phone=&#8221;inherit&#8221; column_padding_position=&#8221;all&#8221; column_element_direction_desktop=&#8221;default&#8221; column_element_spacing=&#8221;default&#8221; desktop_text_alignment=&#8221;default&#8221; tablet_text_alignment=&#8221;default&#8221; phone_text_alignment=&#8221;default&#8221; background_color_opacity=&#8221;1&#8243; background_hover_color_opacity=&#8221;1&#8243; column_backdrop_filter=&#8221;none&#8221; column_shadow=&#8221;none&#8221; column_border_radius=&#8221;none&#8221; column_link_target=&#8221;_self&#8221; column_position=&#8221;default&#8221; gradient_direction=&#8221;left_to_right&#8221; overlay_strength=&#8221;0.3&#8243; width=&#8221;1\/1&#8243; tablet_width_inherit=&#8221;default&#8221; animation_type=&#8221;default&#8221; bg_image_animation=&#8221;none&#8221; border_type=&#8221;simple&#8221; column_border_width=&#8221;none&#8221; column_border_style=&#8221;solid&#8221;][vc_column_text css=&#8221;&#8221; text_direction=&#8221;default&#8221;]\n<header class=\"pt4\" aria-label=\"Article header\">\n<h1 class=\"reader-article-header__title\" dir=\"ltr\"><span data-scaffold-immersive-reader-title=\"\">\u00a0&#x1f680;<\/span>Julkaisemme PDAL:n r\u00e4\u00e4t\u00e4l\u00f6idyn muuntimen FME:lle &#x1f680;<\/h1>\n<\/header>\n[\/vc_column_text][\/vc_column][\/vc_row][vc_row type=&#8221;in_container&#8221; full_screen_row_position=&#8221;middle&#8221; column_margin=&#8221;default&#8221; column_direction=&#8221;default&#8221; column_direction_tablet=&#8221;default&#8221; column_direction_phone=&#8221;default&#8221; scene_position=&#8221;center&#8221; text_color=&#8221;dark&#8221; text_align=&#8221;left&#8221; row_border_radius=&#8221;none&#8221; row_border_radius_applies=&#8221;bg&#8221; overflow=&#8221;visible&#8221; overlay_strength=&#8221;0.3&#8243; gradient_direction=&#8221;left_to_right&#8221; shape_divider_position=&#8221;bottom&#8221; bg_image_animation=&#8221;none&#8221;][vc_column column_padding=&#8221;no-extra-padding&#8221; column_padding_tablet=&#8221;inherit&#8221; column_padding_phone=&#8221;inherit&#8221; column_padding_position=&#8221;all&#8221; column_element_direction_desktop=&#8221;default&#8221; column_element_spacing=&#8221;default&#8221; desktop_text_alignment=&#8221;default&#8221; tablet_text_alignment=&#8221;default&#8221; phone_text_alignment=&#8221;default&#8221; background_color_opacity=&#8221;1&#8243; background_hover_color_opacity=&#8221;1&#8243; column_backdrop_filter=&#8221;none&#8221; column_shadow=&#8221;none&#8221; column_border_radius=&#8221;none&#8221; column_link_target=&#8221;_self&#8221; column_position=&#8221;default&#8221; gradient_direction=&#8221;left_to_right&#8221; overlay_strength=&#8221;0.3&#8243; width=&#8221;1\/1&#8243; tablet_width_inherit=&#8221;default&#8221; animation_type=&#8221;default&#8221; bg_image_animation=&#8221;none&#8221; border_type=&#8221;simple&#8221; column_border_width=&#8221;none&#8221; column_border_style=&#8221;solid&#8221;][vc_column_text css=&#8221;&#8221; text_direction=&#8221;default&#8221;]\n<p data-pm-slice=\"1 1 []\">Meill\u00e4 on ilo esitell\u00e4 uusi, erityisesti PDAL:lle (Point Data Abstraction Library) omistettu r\u00e4\u00e4t\u00e4l\u00f6ity muunnin FME:ss\u00e4: PDALPipelineApplier.<\/p>\n<p>&#x1f4f9; Katso video, joka n\u00e4ytt\u00e4\u00e4, kuinka t\u00e4t\u00e4 muunninta k\u00e4ytet\u00e4\u00e4n pistepilven klusterointiin sen luokituksen parantamiseksi!<\/p>\n<p>&#x1f517; Lis\u00e4tietoja ja lataus: <a>https:\/\/hub.safe.com\/publishers\/antoine\/transformers\/pdalpipelineapplier<\/a><\/p>\n<p>Miksi PDAL?<\/p>\n<p>PDAL on tehokas pistepilvikirjasto, jota k\u00e4ytet\u00e4\u00e4n laajasti teollisuudessa. Se on saatavilla Condan kautta, ja sen JSON-pohjaiset prosessit sopivat erinomaisesti k\u00e4ytt\u00e4jille, jotka arvostavat v\u00e4h\u00e4koodista l\u00e4hestymistapaa.<\/p>\n<p>&#x2728; PDAL t\u00e4ydent\u00e4\u00e4 FME:t\u00e4 erinomaisesti erityisesti segmenttitasoisissa toiminnoissa:<\/p>\n<p>&#x2714;&#xfe0f; Normaalien laskenta: v\u00e4ltt\u00e4m\u00e4t\u00f6n osa pistepilvien k\u00e4sittely\u00e4.<\/p>\n<p>&#x2714;&#xfe0f; Segmentointi: tarjoaa useita klusterointialgoritmeja.<\/p>\n<p>&#x2714;&#xfe0f; Maanpinnan luokitus: keskeist\u00e4 muiden pistepilviluokkien m\u00e4\u00e4ritt\u00e4misess\u00e4.<\/p>\n<p>&#x2714;&#xfe0f; Poikkeavuuksien tunnistus: tunnistaa ja poistaa poikkeavia pisteit\u00e4.<\/p>\n<p>Keskeiset edut<\/p>\n<p>&#x2705; Saumaton integraatio: PDAL on helppo sis\u00e4llytt\u00e4\u00e4 FME-ty\u00f6nkulkuun.<\/p>\n<p>&#x2705; K\u00e4ytt\u00e4j\u00e4yst\u00e4v\u00e4llinen: PDAL:n JSON-pohjainen prosessointi sopii t\u00e4ydellisesti FME:n v\u00e4h\u00e4koodiseen ymp\u00e4rist\u00f6\u00f6n.<\/p>\n<p>Parempi k\u00e4ytt\u00f6kokemus FME:n kanssa<\/p>\n<p>&#x1f50d; Reaaliaikainen visualisointi: N\u00e4e data ja tulokset v\u00e4litt\u00f6m\u00e4sti ty\u00f6nkulkua rakentaessasi.<\/p>\n<p>&#x1f527; Hauskuus ja tuottavuus: FME:n visuaalinen ty\u00f6nkulun rakentaminen parantaa k\u00e4ytt\u00f6kokemustasi.<\/p>\n<p>&#x1f30d; Laaja yhteensopivuus: FME nostaa yhteentoimivuuden uudelle tasolle yhdist\u00e4m\u00e4ll\u00e4 pistepilvi\u00e4 rasteri- ja vektoripohjaisiin formaatteihin monien muuntimien avulla.<\/p>\n<p>&#x1f6e0;&#xfe0f; Vaatimukset T\u00e4m\u00e4 r\u00e4\u00e4t\u00e4l\u00f6ity muunnin edellytt\u00e4\u00e4 Conda-ymp\u00e4rist\u00f6\u00e4 riippuvuuksien oikeanlaiseen hallintaan.<\/p>\n<p>&#x1f3ae; Aloita heti<\/p>\n<p>Tutustu PDAL:n uusiin mahdollisuuksiin FME:n sis\u00e4ll\u00e4 ja vie pistepilvidatan k\u00e4sittelysi uudelle tasolle jo t\u00e4n\u00e4\u00e4n!<\/p>\n[\/vc_column_text][\/vc_column][\/vc_row][vc_row type=&#8221;in_container&#8221; full_screen_row_position=&#8221;middle&#8221; column_margin=&#8221;default&#8221; column_direction=&#8221;default&#8221; column_direction_tablet=&#8221;default&#8221; column_direction_phone=&#8221;default&#8221; scene_position=&#8221;center&#8221; text_color=&#8221;dark&#8221; text_align=&#8221;left&#8221; row_border_radius=&#8221;none&#8221; row_border_radius_applies=&#8221;bg&#8221; overflow=&#8221;visible&#8221; overlay_strength=&#8221;0.3&#8243; gradient_direction=&#8221;left_to_right&#8221; shape_divider_position=&#8221;bottom&#8221; bg_image_animation=&#8221;none&#8221;][vc_column column_padding=&#8221;no-extra-padding&#8221; column_padding_tablet=&#8221;inherit&#8221; column_padding_phone=&#8221;inherit&#8221; column_padding_position=&#8221;all&#8221; column_element_direction_desktop=&#8221;default&#8221; column_element_spacing=&#8221;default&#8221; desktop_text_alignment=&#8221;default&#8221; tablet_text_alignment=&#8221;default&#8221; phone_text_alignment=&#8221;default&#8221; background_color_opacity=&#8221;1&#8243; background_hover_color_opacity=&#8221;1&#8243; column_backdrop_filter=&#8221;none&#8221; column_shadow=&#8221;none&#8221; column_border_radius=&#8221;none&#8221; column_link_target=&#8221;_self&#8221; column_position=&#8221;default&#8221; gradient_direction=&#8221;left_to_right&#8221; overlay_strength=&#8221;0.3&#8243; width=&#8221;1\/1&#8243; tablet_width_inherit=&#8221;default&#8221; animation_type=&#8221;default&#8221; bg_image_animation=&#8221;none&#8221; border_type=&#8221;simple&#8221; column_border_width=&#8221;none&#8221; column_border_style=&#8221;solid&#8221;][nectar_video_player_self_hosted video_mp4=&#8221;https:\/\/spatialworld.fi\/wp-content\/uploads\/2025\/03\/pdal.mp4&#8243; align=&#8221;center&#8221; player_functionality=&#8221;default&#8221; border_radius=&#8221;none&#8221; box_shadow=&#8221;none&#8221; advanced_gradient_display_type=&#8221;linear&#8221;][\/vc_column][\/vc_row]","protected":false},"excerpt":{"rendered":"<p>[vc_row type=&#8221;in_container&#8221; full_screen_row_position=&#8221;middle&#8221; column_margin=&#8221;default&#8221; column_direction=&#8221;default&#8221; column_direction_tablet=&#8221;default&#8221; column_direction_phone=&#8221;default&#8221; scene_position=&#8221;center&#8221; text_color=&#8221;dark&#8221; text_align=&#8221;left&#8221; row_border_radius=&#8221;none&#8221; row_border_radius_applies=&#8221;bg&#8221; overflow=&#8221;visible&#8221; overlay_strength=&#8221;0.3&#8243; gradient_direction=&#8221;left_to_right&#8221; shape_divider_position=&#8221;bottom&#8221; bg_image_animation=&#8221;none&#8221;][vc_column column_padding=&#8221;no-extra-padding&#8221; column_padding_tablet=&#8221;inherit&#8221; column_padding_phone=&#8221;inherit&#8221; column_padding_position=&#8221;all&#8221; column_element_direction_desktop=&#8221;default&#8221; column_element_spacing=&#8221;default&#8221; desktop_text_alignment=&#8221;default&#8221; tablet_text_alignment=&#8221;default&#8221; phone_text_alignment=&#8221;default&#8221; background_color_opacity=&#8221;1&#8243; background_hover_color_opacity=&#8221;1&#8243; column_backdrop_filter=&#8221;none&#8221; column_shadow=&#8221;none&#8221;&#8230;<\/p>\n","protected":false},"author":6,"featured_media":17456,"parent":0,"menu_order":0,"comment_status":"closed","ping_status":"closed","template":"","meta":{"footnotes":""},"class_list":["post-17435","page","type-page","status-publish","has-post-thumbnail"],"yoast_head":"<!-- This site is optimized with the Yoast SEO plugin v27.1.1 - https:\/\/yoast.com\/product\/yoast-seo-wordpress\/ -->\n<title>Pdal Transformer - Spatialworld Oy<\/title>\n<meta name=\"robots\" content=\"index, follow, max-snippet:-1, max-image-preview:large, max-video-preview:-1\" \/>\n<link rel=\"canonical\" href=\"https:\/\/spatialworld.fi\/fi\/post-pdal\/\" \/>\n<meta property=\"og:locale\" content=\"fi_FI\" \/>\n<meta property=\"og:type\" content=\"article\" \/>\n<meta property=\"og:title\" content=\"Pdal Transformer - Spatialworld Oy\" \/>\n<meta property=\"og:description\" content=\"[vc_row type=&#8221;in_container&#8221; full_screen_row_position=&#8221;middle&#8221; column_margin=&#8221;default&#8221; column_direction=&#8221;default&#8221; column_direction_tablet=&#8221;default&#8221; column_direction_phone=&#8221;default&#8221; scene_position=&#8221;center&#8221; text_color=&#8221;dark&#8221; text_align=&#8221;left&#8221; row_border_radius=&#8221;none&#8221; row_border_radius_applies=&#8221;bg&#8221; overflow=&#8221;visible&#8221; overlay_strength=&#8221;0.3&#8243; gradient_direction=&#8221;left_to_right&#8221; shape_divider_position=&#8221;bottom&#8221; bg_image_animation=&#8221;none&#8221;][vc_column column_padding=&#8221;no-extra-padding&#8221; column_padding_tablet=&#8221;inherit&#8221; column_padding_phone=&#8221;inherit&#8221; column_padding_position=&#8221;all&#8221; column_element_direction_desktop=&#8221;default&#8221; column_element_spacing=&#8221;default&#8221; desktop_text_alignment=&#8221;default&#8221; tablet_text_alignment=&#8221;default&#8221; phone_text_alignment=&#8221;default&#8221; background_color_opacity=&#8221;1&#8243; background_hover_color_opacity=&#8221;1&#8243; column_backdrop_filter=&#8221;none&#8221; column_shadow=&#8221;none&#8221;...\" \/>\n<meta property=\"og:url\" content=\"https:\/\/spatialworld.fi\/fi\/post-pdal\/\" \/>\n<meta property=\"og:site_name\" content=\"Spatialworld Oy\" \/>\n<meta property=\"article:modified_time\" content=\"2025-03-31T09:27:57+00:00\" \/>\n<meta property=\"og:image\" content=\"https:\/\/spatialworld.fi\/wp-content\/uploads\/2025\/03\/pdal_740x412_acf_cropped-370x206-1.png\" \/>\n\t<meta property=\"og:image:width\" content=\"370\" \/>\n\t<meta property=\"og:image:height\" content=\"206\" \/>\n\t<meta property=\"og:image:type\" content=\"image\/png\" \/>\n<meta name=\"twitter:label1\" content=\"Arvioitu lukuaika\" \/>\n\t<meta name=\"twitter:data1\" content=\"2 minuuttia\" \/>\n<script type=\"application\/ld+json\" class=\"yoast-schema-graph\">{\"@context\":\"https:\/\/schema.org\",\"@graph\":[{\"@type\":\"WebPage\",\"@id\":\"https:\/\/spatialworld.fi\/fi\/post-pdal\/\",\"url\":\"https:\/\/spatialworld.fi\/fi\/post-pdal\/\",\"name\":\"Pdal Transformer - Spatialworld Oy\",\"isPartOf\":{\"@id\":\"https:\/\/spatialworld.fi\/fi\/#website\"},\"primaryImageOfPage\":{\"@id\":\"https:\/\/spatialworld.fi\/fi\/post-pdal\/#primaryimage\"},\"image\":{\"@id\":\"https:\/\/spatialworld.fi\/post-pdal\/#primaryimage\"},\"thumbnailUrl\":\"https:\/\/spatialworld.fi\/wp-content\/uploads\/2025\/03\/pdal_740x412_acf_cropped-370x206-1.png\",\"datePublished\":\"2025-03-27T13:32:01+00:00\",\"dateModified\":\"2025-03-31T09:27:57+00:00\",\"breadcrumb\":{\"@id\":\"https:\/\/spatialworld.fi\/fi\/post-pdal\/#breadcrumb\"},\"inLanguage\":\"fi\",\"potentialAction\":[{\"@type\":\"ReadAction\",\"target\":[[\"https:\/\/spatialworld.fi\/fi\/post-pdal\/\"]]}]},{\"@type\":\"ImageObject\",\"inLanguage\":\"fi\",\"@id\":\"https:\/\/spatialworld.fi\/fi\/post-pdal\/#primaryimage\",\"url\":\"https:\/\/spatialworld.fi\/wp-content\/uploads\/2025\/03\/pdal_740x412_acf_cropped-370x206-1.png\",\"contentUrl\":\"https:\/\/spatialworld.fi\/wp-content\/uploads\/2025\/03\/pdal_740x412_acf_cropped-370x206-1.png\",\"width\":370,\"height\":206},{\"@type\":\"BreadcrumbList\",\"@id\":\"https:\/\/spatialworld.fi\/fi\/post-pdal\/#breadcrumb\",\"itemListElement\":[{\"@type\":\"ListItem\",\"position\":1,\"name\":\"Home\",\"item\":\"https:\/\/spatialworld.fi\/fi\/\"},{\"@type\":\"ListItem\",\"position\":2,\"name\":\"Pdal Transformer\"}]},{\"@type\":\"WebSite\",\"@id\":\"https:\/\/spatialworld.fi\/fi\/#website\",\"url\":\"https:\/\/spatialworld.fi\/fi\/\",\"name\":\"Spatialworld Oy\",\"description\":\"\",\"potentialAction\":[{\"@type\":\"SearchAction\",\"target\":{\"@type\":\"EntryPoint\",\"urlTemplate\":\"https:\/\/spatialworld.fi\/fi\/?s={search_term_string}\"},\"query-input\":{\"@type\":\"PropertyValueSpecification\",\"valueRequired\":true,\"valueName\":\"search_term_string\"}}],\"inLanguage\":\"fi\"}]}<\/script>\n<!-- \/ Yoast SEO plugin. -->","yoast_head_json":{"title":"Pdal Transformer - Spatialworld Oy","robots":{"index":"index","follow":"follow","max-snippet":"max-snippet:-1","max-image-preview":"max-image-preview:large","max-video-preview":"max-video-preview:-1"},"canonical":"https:\/\/spatialworld.fi\/fi\/post-pdal\/","og_locale":"fi_FI","og_type":"article","og_title":"Pdal Transformer - Spatialworld Oy","og_description":"[vc_row type=&#8221;in_container&#8221; full_screen_row_position=&#8221;middle&#8221; column_margin=&#8221;default&#8221; column_direction=&#8221;default&#8221; column_direction_tablet=&#8221;default&#8221; column_direction_phone=&#8221;default&#8221; scene_position=&#8221;center&#8221; text_color=&#8221;dark&#8221; text_align=&#8221;left&#8221; row_border_radius=&#8221;none&#8221; row_border_radius_applies=&#8221;bg&#8221; overflow=&#8221;visible&#8221; overlay_strength=&#8221;0.3&#8243; gradient_direction=&#8221;left_to_right&#8221; shape_divider_position=&#8221;bottom&#8221; bg_image_animation=&#8221;none&#8221;][vc_column column_padding=&#8221;no-extra-padding&#8221; column_padding_tablet=&#8221;inherit&#8221; column_padding_phone=&#8221;inherit&#8221; column_padding_position=&#8221;all&#8221; column_element_direction_desktop=&#8221;default&#8221; column_element_spacing=&#8221;default&#8221; desktop_text_alignment=&#8221;default&#8221; tablet_text_alignment=&#8221;default&#8221; phone_text_alignment=&#8221;default&#8221; background_color_opacity=&#8221;1&#8243; background_hover_color_opacity=&#8221;1&#8243; column_backdrop_filter=&#8221;none&#8221; column_shadow=&#8221;none&#8221;...","og_url":"https:\/\/spatialworld.fi\/fi\/post-pdal\/","og_site_name":"Spatialworld Oy","article_modified_time":"2025-03-31T09:27:57+00:00","og_image":[{"width":370,"height":206,"url":"https:\/\/spatialworld.fi\/wp-content\/uploads\/2025\/03\/pdal_740x412_acf_cropped-370x206-1.png","type":"image\/png"}],"twitter_misc":{"Arvioitu lukuaika":"2 minuuttia"},"schema":{"@context":"https:\/\/schema.org","@graph":[{"@type":"WebPage","@id":"https:\/\/spatialworld.fi\/fi\/post-pdal\/","url":"https:\/\/spatialworld.fi\/fi\/post-pdal\/","name":"Pdal Transformer - Spatialworld Oy","isPartOf":{"@id":"https:\/\/spatialworld.fi\/fi\/#website"},"primaryImageOfPage":{"@id":"https:\/\/spatialworld.fi\/fi\/post-pdal\/#primaryimage"},"image":{"@id":"https:\/\/spatialworld.fi\/post-pdal\/#primaryimage"},"thumbnailUrl":"https:\/\/spatialworld.fi\/wp-content\/uploads\/2025\/03\/pdal_740x412_acf_cropped-370x206-1.png","datePublished":"2025-03-27T13:32:01+00:00","dateModified":"2025-03-31T09:27:57+00:00","breadcrumb":{"@id":"https:\/\/spatialworld.fi\/fi\/post-pdal\/#breadcrumb"},"inLanguage":"fi","potentialAction":[{"@type":"ReadAction","target":[["https:\/\/spatialworld.fi\/fi\/post-pdal\/"]]}]},{"@type":"ImageObject","inLanguage":"fi","@id":"https:\/\/spatialworld.fi\/fi\/post-pdal\/#primaryimage","url":"https:\/\/spatialworld.fi\/wp-content\/uploads\/2025\/03\/pdal_740x412_acf_cropped-370x206-1.png","contentUrl":"https:\/\/spatialworld.fi\/wp-content\/uploads\/2025\/03\/pdal_740x412_acf_cropped-370x206-1.png","width":370,"height":206},{"@type":"BreadcrumbList","@id":"https:\/\/spatialworld.fi\/fi\/post-pdal\/#breadcrumb","itemListElement":[{"@type":"ListItem","position":1,"name":"Home","item":"https:\/\/spatialworld.fi\/fi\/"},{"@type":"ListItem","position":2,"name":"Pdal Transformer"}]},{"@type":"WebSite","@id":"https:\/\/spatialworld.fi\/fi\/#website","url":"https:\/\/spatialworld.fi\/fi\/","name":"Spatialworld Oy","description":"","potentialAction":[{"@type":"SearchAction","target":{"@type":"EntryPoint","urlTemplate":"https:\/\/spatialworld.fi\/fi\/?s={search_term_string}"},"query-input":{"@type":"PropertyValueSpecification","valueRequired":true,"valueName":"search_term_string"}}],"inLanguage":"fi"}]}},"_links":{"self":[{"href":"https:\/\/spatialworld.fi\/fi\/wp-json\/wp\/v2\/pages\/17435","targetHints":{"allow":["GET"]}}],"collection":[{"href":"https:\/\/spatialworld.fi\/fi\/wp-json\/wp\/v2\/pages"}],"about":[{"href":"https:\/\/spatialworld.fi\/fi\/wp-json\/wp\/v2\/types\/page"}],"author":[{"embeddable":true,"href":"https:\/\/spatialworld.fi\/fi\/wp-json\/wp\/v2\/users\/6"}],"replies":[{"embeddable":true,"href":"https:\/\/spatialworld.fi\/fi\/wp-json\/wp\/v2\/comments?post=17435"}],"version-history":[{"count":8,"href":"https:\/\/spatialworld.fi\/fi\/wp-json\/wp\/v2\/pages\/17435\/revisions"}],"predecessor-version":[{"id":17444,"href":"https:\/\/spatialworld.fi\/fi\/wp-json\/wp\/v2\/pages\/17435\/revisions\/17444"}],"wp:featuredmedia":[{"embeddable":true,"href":"https:\/\/spatialworld.fi\/fi\/wp-json\/wp\/v2\/media\/17456"}],"wp:attachment":[{"href":"https:\/\/spatialworld.fi\/fi\/wp-json\/wp\/v2\/media?parent=17435"}],"curies":[{"name":"wp","href":"https:\/\/api.w.org\/{rel}","templated":true}]}}