{"id":17127,"date":"2025-01-29T11:19:53","date_gmt":"2025-01-29T09:19:53","guid":{"rendered":"https:\/\/spatialworld.fi\/?page_id=17127"},"modified":"2025-02-05T17:11:04","modified_gmt":"2025-02-05T15:11:04","slug":"17076-2-2-2-3","status":"publish","type":"page","link":"https:\/\/spatialworld.fi\/fi\/17076-2-2-2-3\/","title":{"rendered":"RaspberryPi"},"content":{"rendered":"[vc_row type=&#8221;in_container&#8221; full_screen_row_position=&#8221;middle&#8221; column_margin=&#8221;default&#8221; column_direction=&#8221;default&#8221; column_direction_tablet=&#8221;default&#8221; column_direction_phone=&#8221;default&#8221; scene_position=&#8221;center&#8221; text_color=&#8221;dark&#8221; text_align=&#8221;left&#8221; row_border_radius=&#8221;none&#8221; row_border_radius_applies=&#8221;bg&#8221; overflow=&#8221;visible&#8221; overlay_strength=&#8221;0.3&#8243; gradient_direction=&#8221;left_to_right&#8221; shape_divider_position=&#8221;bottom&#8221; bg_image_animation=&#8221;none&#8221;][vc_column column_padding=&#8221;no-extra-padding&#8221; column_padding_tablet=&#8221;inherit&#8221; column_padding_phone=&#8221;inherit&#8221; column_padding_position=&#8221;all&#8221; column_element_direction_desktop=&#8221;default&#8221; column_element_spacing=&#8221;default&#8221; desktop_text_alignment=&#8221;default&#8221; tablet_text_alignment=&#8221;default&#8221; phone_text_alignment=&#8221;default&#8221; background_color_opacity=&#8221;1&#8243; background_hover_color_opacity=&#8221;1&#8243; column_backdrop_filter=&#8221;none&#8221; column_shadow=&#8221;none&#8221; column_border_radius=&#8221;none&#8221; column_link_target=&#8221;_self&#8221; column_position=&#8221;default&#8221; gradient_direction=&#8221;left_to_right&#8221; overlay_strength=&#8221;0.3&#8243; width=&#8221;1\/1&#8243; tablet_width_inherit=&#8221;default&#8221; animation_type=&#8221;default&#8221; bg_image_animation=&#8221;none&#8221; border_type=&#8221;simple&#8221; column_border_width=&#8221;none&#8221; column_border_style=&#8221;solid&#8221;][vc_column_text css=&#8221;&#8221; text_direction=&#8221;default&#8221;]\n<header class=\"pt4\" aria-label=\"Article header\">\n<h1 class=\"reader-article-header__title\" dir=\"ltr\"><span data-scaffold-immersive-reader-title=\"\">&#x1f527; Menestyst\u00e4 ja opittuja asioita: Edge Computing Raspberry Pi 5:ll\u00e4 ja FME Remote Enginell\u00e4! &#x1f353;&#x1f4bb;&#x1f98e;<\/span><\/h1>\n<\/header>\n[\/vc_column_text][\/vc_column][\/vc_row][vc_row type=&#8221;in_container&#8221; full_screen_row_position=&#8221;middle&#8221; column_margin=&#8221;default&#8221; column_direction=&#8221;default&#8221; column_direction_tablet=&#8221;default&#8221; column_direction_phone=&#8221;default&#8221; scene_position=&#8221;center&#8221; text_color=&#8221;dark&#8221; text_align=&#8221;left&#8221; row_border_radius=&#8221;none&#8221; row_border_radius_applies=&#8221;bg&#8221; overflow=&#8221;visible&#8221; overlay_strength=&#8221;0.3&#8243; gradient_direction=&#8221;left_to_right&#8221; shape_divider_position=&#8221;bottom&#8221; bg_image_animation=&#8221;none&#8221;][vc_column column_padding=&#8221;no-extra-padding&#8221; column_padding_tablet=&#8221;inherit&#8221; column_padding_phone=&#8221;inherit&#8221; column_padding_position=&#8221;all&#8221; column_element_direction_desktop=&#8221;default&#8221; column_element_spacing=&#8221;default&#8221; desktop_text_alignment=&#8221;default&#8221; tablet_text_alignment=&#8221;default&#8221; phone_text_alignment=&#8221;default&#8221; background_color_opacity=&#8221;1&#8243; background_hover_color_opacity=&#8221;1&#8243; column_backdrop_filter=&#8221;none&#8221; column_shadow=&#8221;none&#8221; column_border_radius=&#8221;none&#8221; column_link_target=&#8221;_self&#8221; column_position=&#8221;default&#8221; gradient_direction=&#8221;left_to_right&#8221; overlay_strength=&#8221;0.3&#8243; width=&#8221;1\/1&#8243; tablet_width_inherit=&#8221;default&#8221; animation_type=&#8221;default&#8221; bg_image_animation=&#8221;none&#8221; border_type=&#8221;simple&#8221; column_border_width=&#8221;none&#8221; column_border_style=&#8221;solid&#8221;][image_with_animation image_url=&#8221;17201&#8243; image_size=&#8221;medium_large&#8221; animation_type=&#8221;entrance&#8221; animation=&#8221;None&#8221; animation_movement_type=&#8221;transform_y&#8221; hover_animation=&#8221;none&#8221; alignment=&#8221;center&#8221; border_radius=&#8221;none&#8221; box_shadow=&#8221;none&#8221; image_loading=&#8221;default&#8221; max_width=&#8221;75%&#8221; max_width_mobile=&#8221;default&#8221;][\/vc_column][\/vc_row][vc_row type=&#8221;in_container&#8221; full_screen_row_position=&#8221;middle&#8221; column_margin=&#8221;default&#8221; column_direction=&#8221;default&#8221; column_direction_tablet=&#8221;default&#8221; column_direction_phone=&#8221;default&#8221; scene_position=&#8221;center&#8221; text_color=&#8221;dark&#8221; text_align=&#8221;left&#8221; row_border_radius=&#8221;none&#8221; row_border_radius_applies=&#8221;bg&#8221; overflow=&#8221;visible&#8221; overlay_strength=&#8221;0.3&#8243; gradient_direction=&#8221;left_to_right&#8221; shape_divider_position=&#8221;bottom&#8221; bg_image_animation=&#8221;none&#8221;][vc_column column_padding=&#8221;no-extra-padding&#8221; column_padding_tablet=&#8221;inherit&#8221; column_padding_phone=&#8221;inherit&#8221; column_padding_position=&#8221;all&#8221; column_element_direction_desktop=&#8221;default&#8221; column_element_spacing=&#8221;default&#8221; desktop_text_alignment=&#8221;default&#8221; tablet_text_alignment=&#8221;default&#8221; phone_text_alignment=&#8221;default&#8221; background_color_opacity=&#8221;1&#8243; background_hover_color_opacity=&#8221;1&#8243; column_backdrop_filter=&#8221;none&#8221; column_shadow=&#8221;none&#8221; column_border_radius=&#8221;none&#8221; column_link_target=&#8221;_self&#8221; column_position=&#8221;default&#8221; gradient_direction=&#8221;left_to_right&#8221; overlay_strength=&#8221;0.3&#8243; width=&#8221;1\/1&#8243; tablet_width_inherit=&#8221;default&#8221; animation_type=&#8221;default&#8221; bg_image_animation=&#8221;none&#8221; border_type=&#8221;simple&#8221; column_border_width=&#8221;none&#8221; column_border_style=&#8221;solid&#8221;][vc_column_text css=&#8221;&#8221; text_direction=&#8221;default&#8221;]\n<div class=\"reader-image-block reader-image-block--full-width\">\n<figure class=\"reader-image-block__figure\">\n<div class=\"ivm-image-view-model \">\n<div class=\"ivm-view-attr__img-wrapper \">\n<p id=\"ember50\" class=\"ember-view reader-text-block__paragraph\"><strong><span class=\"\">Meill\u00e4 on ilo ilmoittaa, ett\u00e4 Raspberry Pi 5:t\u00e4<\/span><\/strong><span class=\"\">\u00a0ja\u00a0<\/span><strong><span class=\"\">FME:n Remote Engine\u00e4<\/span><\/strong><span class=\"\">\u00a0k\u00e4ytt\u00e4v\u00e4 reunalaskentaratkaisumme\u00a0<\/span><span class=\"\">on virallisesti\u00a0<\/span><strong><span class=\"\">k\u00e4yt\u00f6ss\u00e4<\/span><\/strong><span class=\"\">\u00a0! &#x1f389;<\/span><\/p>\n<hr class=\"reader-divider-block__horizontal-rule\" \/>\n<p id=\"ember52\" class=\"ember-view reader-text-block__paragraph\"><strong>Prosessi:<\/strong><\/p>\n<ol>\n<li><strong>Kehyskaappaus videovirroista:<\/strong>\u00a0K\u00e4yt\u00e4mme Raspberry Pi:t\u00e4 kehysten poimimiseen live-videosy\u00f6tteist\u00e4 reaaliajassa, valmiina v\u00e4litt\u00f6m\u00e4\u00e4n k\u00e4sittelyyn.<\/li>\n<li><strong>Kuvan valmistelu FME Remote Enginen avulla:<\/strong>\u00a0FME Engine k\u00e4sittelee kuvat paikallisesti Pi:ll\u00e4 optimoiden ne my\u00f6hemp\u00e4\u00e4 analysointia varten.<\/li>\n<li><strong>Objektintunnistus YOLOn avulla Darknetin kautta:<\/strong>\u00a0Darknetiin integroidut edistyneet AI-mallit (YOLO) tunnistavat kuvissa olevat kohteet ja varmistavat avainelementtien tarkan havaitsemisen.<\/li>\n<li><strong>Ulostulon tarkentaminen FME Remote Enginen avulla:<\/strong>\u00a0FME tarkentaa ja suodattaa edelleen havaitsemistuloksia, mik\u00e4 parantaa tietojen tarkkuutta ja asianmukaisuutta.<\/li>\n<li><strong>Ehdollinen raportointi FME Flow&#8217;lle:<\/strong>\u00a0Kattavat raportit l\u00e4hetet\u00e4\u00e4n FME Flow&#8217;n p\u00e4\u00e4esiintym\u00e4\u00e4n vain, kun tietyt objektit havaitaan m\u00e4\u00e4ritellyll\u00e4 todenn\u00e4k\u00f6isyydell\u00e4, mik\u00e4 v\u00e4hent\u00e4\u00e4 tarpeetonta tiedonsiirtoa.<\/li>\n<\/ol>\n<\/div>\n<\/div>\n<\/figure>\n<\/div>\n[\/vc_column_text][image_with_animation image_url=&#8221;17200&#8243; image_size=&#8221;full&#8221; animation_type=&#8221;entrance&#8221; animation=&#8221;None&#8221; animation_movement_type=&#8221;transform_y&#8221; hover_animation=&#8221;none&#8221; alignment=&#8221;center&#8221; border_radius=&#8221;none&#8221; box_shadow=&#8221;none&#8221; image_loading=&#8221;default&#8221; max_width=&#8221;100%&#8221; max_width_mobile=&#8221;default&#8221;][\/vc_column][\/vc_row][vc_row type=&#8221;in_container&#8221; full_screen_row_position=&#8221;middle&#8221; column_margin=&#8221;default&#8221; column_direction=&#8221;default&#8221; column_direction_tablet=&#8221;default&#8221; column_direction_phone=&#8221;default&#8221; scene_position=&#8221;center&#8221; text_color=&#8221;dark&#8221; text_align=&#8221;left&#8221; row_border_radius=&#8221;none&#8221; row_border_radius_applies=&#8221;bg&#8221; overflow=&#8221;visible&#8221; overlay_strength=&#8221;0.3&#8243; gradient_direction=&#8221;left_to_right&#8221; shape_divider_position=&#8221;bottom&#8221; bg_image_animation=&#8221;none&#8221;][vc_column column_padding=&#8221;no-extra-padding&#8221; column_padding_tablet=&#8221;inherit&#8221; column_padding_phone=&#8221;inherit&#8221; column_padding_position=&#8221;all&#8221; column_element_direction_desktop=&#8221;default&#8221; column_element_spacing=&#8221;default&#8221; desktop_text_alignment=&#8221;default&#8221; tablet_text_alignment=&#8221;default&#8221; phone_text_alignment=&#8221;default&#8221; background_color_opacity=&#8221;1&#8243; background_hover_color_opacity=&#8221;1&#8243; column_backdrop_filter=&#8221;none&#8221; column_shadow=&#8221;none&#8221; column_border_radius=&#8221;none&#8221; column_link_target=&#8221;_self&#8221; column_position=&#8221;default&#8221; gradient_direction=&#8221;left_to_right&#8221; overlay_strength=&#8221;0.3&#8243; width=&#8221;1\/1&#8243; tablet_width_inherit=&#8221;default&#8221; animation_type=&#8221;default&#8221; bg_image_animation=&#8221;none&#8221; border_type=&#8221;simple&#8221; column_border_width=&#8221;none&#8221; column_border_style=&#8221;solid&#8221;][vc_column_text css=&#8221;&#8221; text_direction=&#8221;default&#8221;]\n<p id=\"ember55\" class=\"ember-view reader-text-block__paragraph\">Mutta matkalla ei ollut haasteita. Vaikka Raspberry Pi 5 -laitteisto on vaikuttava, kohtasimme odottamattomia vaikeuksia k\u00e4ytt\u00f6j\u00e4rjestelmien kanssa.<\/p>\n<p id=\"ember56\" class=\"ember-view reader-text-block__paragraph\">&#x1f4a1;\u00a0<strong>Mit\u00e4 opimme:<\/strong><\/p>\n<p id=\"ember57\" class=\"ember-view reader-text-block__paragraph\">&#x2705;\u00a0<strong>Edge Workflow Success:<\/strong>\u00a0Pi:n parannettu suorituskyky yhdistettyn\u00e4 FME:n tehokkaaseen tiedonk\u00e4sittelyyn loistaa todella reunalaskentaskenaarioissa.<\/p>\n<p id=\"ember58\" class=\"ember-view reader-text-block__paragraph\">&#x26a0;&#xfe0f;\u00a0<strong>Edess\u00e4 olevat haasteet:<\/strong><\/p>\n<ul>\n<li><strong>Raspberry Pi OS:<\/strong><\/li>\n<\/ul>\n<ol>\n<li><strong>Yhteensopivuusongelmat:<\/strong>\u00a0Jotkin FME:n vaatimat riippuvuudet ja kirjastot eiv\u00e4t olleet helposti saatavilla tai yhteensopivia.<\/li>\n<li><strong>Asennuksen esteet:<\/strong>\u00a0FME Enginen asentaminen Raspberry Pi OS:\u00e4\u00e4n oli monimutkaisempaa kuin odotettiin.<\/li>\n<\/ol>\n<ul>\n<li><strong>Ubuntu 24.04 ARM:<\/strong><\/li>\n<\/ul>\n<ol>\n<li><strong>Kameran yhteensopivuus:<\/strong>\u00a0Raspberry Pi -kamera ei ollut helposti yhteensopiva kuljettajien erojen vuoksi.<\/li>\n<\/ol>\n<hr class=\"reader-divider-block__horizontal-rule\" \/>\n<p id=\"ember63\" class=\"ember-view reader-text-block__paragraph\">&#x2728;\u00a0<strong>Ratkaisumme:<\/strong><\/p>\n<p id=\"ember64\" class=\"ember-view reader-text-block__paragraph\">Siirtyimme\u00a0<strong>Ubuntu 24.04 ARM:<\/strong>\u00a0iin ja mukautimme videotulomme k\u00e4ytt\u00e4m\u00e4ll\u00e4\u00a0<strong>YouTube-streamia<\/strong>\u00a0.<\/p>\n<ul>\n<li><strong>Saumaton integrointi:<\/strong>\u00a0Ubuntun yhteensopivuus FME:n kanssa mahdollisti sujuvamman asennuksen ja toiminnan.<\/li>\n<li><strong>Parannettu tuki:<\/strong>\u00a0Laaja dokumentaatio ja yhteis\u00f6n tuki Ubuntulle ARM:ssa auttoivat meit\u00e4 voittamaan esteet nopeasti.<\/li>\n<\/ul>\n<hr class=\"reader-divider-block__horizontal-rule\" \/>\n<p id=\"ember66\" class=\"ember-view reader-text-block__paragraph\">&#x1f31f;\u00a0<strong>L\u00e4hestymistapamme edut:<\/strong><\/p>\n<ul>\n<li><strong>Reaaliaikainen tietojenk\u00e4sittely:<\/strong>\u00a0Suorittamalla laskelmia suoraan Raspberry Pi:ll\u00e4 saamme v\u00e4litt\u00f6mi\u00e4 n\u00e4kemyksi\u00e4 ilman viiveit\u00e4.<\/li>\n<li><strong>Kaistanleveyden optimointi:<\/strong>\u00a0Paikallinen k\u00e4sittely v\u00e4hent\u00e4\u00e4 tarvetta siirt\u00e4\u00e4 suuria tietom\u00e4\u00e4ri\u00e4 verkon yli, mik\u00e4 s\u00e4\u00e4st\u00e4\u00e4 kaistanleveytt\u00e4.<\/li>\n<li><strong>Kustannustehokas skaalautuvuus:<\/strong>\u00a0Raspberry Pi 5:n kaltaisten kohtuuhintaisten laitteistojen avulla on helppo skaalata reunalaskentasolmuja tarpeen mukaan.<\/li>\n<li><strong>Parannettu joustavuus:<\/strong>\u00a0FME:n Remote Engine k\u00e4sittelee erilaisia \u200b\u200btietomuotoja ja ty\u00f6nkulkuja, mink\u00e4 ansiosta voimme mukautua nopeasti erilaisiin skenaarioihin.<\/li>\n<li><strong>Parannettu yksityisyys ja turvallisuus:<\/strong>\u00a0Tietojen k\u00e4sittely reunalla minimoi arkaluontoisten tietojen paljastumisen verkoissa.<\/li>\n<li><strong>Yksinkertaistettu anturien integrointi:<\/strong>\u00a0Mahdollisuus lis\u00e4t\u00e4 helposti oheislaitteita, kuten USB-kameroita, GPS-moduuleja ja l\u00e4mp\u00f6tila-antureita, laajentaa tiedonkeruun laajuutta.<\/li>\n<\/ul>\n<hr class=\"reader-divider-block__horizontal-rule\" \/>\n<p id=\"ember68\" class=\"ember-view reader-text-block__paragraph\">&#x1f680;\u00a0<strong>Eteenp\u00e4in:<\/strong><\/p>\n<ul>\n<li><strong>Testaus USB-kameroilla:<\/strong>\u00a0Suunnittelee integroida USB-kameroita, joilla on Ubuntussa yleisemmin tuetut ajurit.<\/li>\n<li><strong>Lis\u00e4antureiden tutkiminen:<\/strong>\u00a0Laajennamme kokoonpanoamme sis\u00e4lt\u00e4m\u00e4\u00e4n GPS:n, l\u00e4mp\u00f6tilan ja paljon muuta kattavaa tiedonkeruuta varten.<\/li>\n<\/ul>\n<hr class=\"reader-divider-block__horizontal-rule\" \/>\n<p id=\"ember70\" class=\"ember-view reader-text-block__paragraph\">&#x1f511;\u00a0<strong>Key Takeaway:<\/strong>\u00a0K\u00e4ytt\u00f6j\u00e4rjestelm\u00e4ll\u00e4 on ratkaiseva rooli reunalaskentaprojektien onnistumisessa. Jos uskallat samanlaiselle alueelle, harkitse Ubuntu ARM:n k\u00e4ytt\u00f6\u00e4 Raspberry Pi -laitteessa sujuvamman kokemuksen saamiseksi.<\/p>\n[\/vc_column_text][\/vc_column][\/vc_row]","protected":false},"excerpt":{"rendered":"<p>[vc_row type=&#8221;in_container&#8221; full_screen_row_position=&#8221;middle&#8221; column_margin=&#8221;default&#8221; column_direction=&#8221;default&#8221; column_direction_tablet=&#8221;default&#8221; column_direction_phone=&#8221;default&#8221; scene_position=&#8221;center&#8221; text_color=&#8221;dark&#8221; text_align=&#8221;left&#8221; row_border_radius=&#8221;none&#8221; row_border_radius_applies=&#8221;bg&#8221; overflow=&#8221;visible&#8221; overlay_strength=&#8221;0.3&#8243; gradient_direction=&#8221;left_to_right&#8221; shape_divider_position=&#8221;bottom&#8221; bg_image_animation=&#8221;none&#8221;][vc_column column_padding=&#8221;no-extra-padding&#8221; column_padding_tablet=&#8221;inherit&#8221; column_padding_phone=&#8221;inherit&#8221; column_padding_position=&#8221;all&#8221; column_element_direction_desktop=&#8221;default&#8221; column_element_spacing=&#8221;default&#8221; desktop_text_alignment=&#8221;default&#8221; tablet_text_alignment=&#8221;default&#8221; phone_text_alignment=&#8221;default&#8221; background_color_opacity=&#8221;1&#8243; background_hover_color_opacity=&#8221;1&#8243; column_backdrop_filter=&#8221;none&#8221; column_shadow=&#8221;none&#8221;&#8230;<\/p>\n","protected":false},"author":6,"featured_media":0,"parent":0,"menu_order":0,"comment_status":"closed","ping_status":"closed","template":"","meta":{"footnotes":""},"class_list":["post-17127","page","type-page","status-publish"],"yoast_head":"<!-- This site is optimized with the Yoast SEO plugin v27.1.1 - https:\/\/yoast.com\/product\/yoast-seo-wordpress\/ -->\n<title>RaspberryPi - Spatialworld Oy<\/title>\n<meta name=\"robots\" content=\"index, follow, max-snippet:-1, max-image-preview:large, max-video-preview:-1\" \/>\n<link rel=\"canonical\" href=\"https:\/\/spatialworld.fi\/fi\/17076-2-2-2-3\/\" \/>\n<meta property=\"og:locale\" content=\"fi_FI\" \/>\n<meta property=\"og:type\" content=\"article\" \/>\n<meta property=\"og:title\" content=\"RaspberryPi - Spatialworld Oy\" \/>\n<meta property=\"og:description\" content=\"[vc_row type=&#8221;in_container&#8221; full_screen_row_position=&#8221;middle&#8221; column_margin=&#8221;default&#8221; column_direction=&#8221;default&#8221; column_direction_tablet=&#8221;default&#8221; column_direction_phone=&#8221;default&#8221; scene_position=&#8221;center&#8221; text_color=&#8221;dark&#8221; text_align=&#8221;left&#8221; row_border_radius=&#8221;none&#8221; row_border_radius_applies=&#8221;bg&#8221; overflow=&#8221;visible&#8221; overlay_strength=&#8221;0.3&#8243; gradient_direction=&#8221;left_to_right&#8221; shape_divider_position=&#8221;bottom&#8221; bg_image_animation=&#8221;none&#8221;][vc_column column_padding=&#8221;no-extra-padding&#8221; column_padding_tablet=&#8221;inherit&#8221; column_padding_phone=&#8221;inherit&#8221; column_padding_position=&#8221;all&#8221; column_element_direction_desktop=&#8221;default&#8221; column_element_spacing=&#8221;default&#8221; desktop_text_alignment=&#8221;default&#8221; tablet_text_alignment=&#8221;default&#8221; phone_text_alignment=&#8221;default&#8221; background_color_opacity=&#8221;1&#8243; background_hover_color_opacity=&#8221;1&#8243; column_backdrop_filter=&#8221;none&#8221; column_shadow=&#8221;none&#8221;...\" \/>\n<meta property=\"og:url\" content=\"https:\/\/spatialworld.fi\/fi\/17076-2-2-2-3\/\" \/>\n<meta property=\"og:site_name\" content=\"Spatialworld Oy\" \/>\n<meta property=\"article:modified_time\" content=\"2025-02-05T15:11:04+00:00\" \/>\n<meta name=\"twitter:label1\" content=\"Arvioitu lukuaika\" \/>\n\t<meta name=\"twitter:data1\" content=\"4 minuuttia\" \/>\n<script type=\"application\/ld+json\" class=\"yoast-schema-graph\">{\"@context\":\"https:\/\/schema.org\",\"@graph\":[{\"@type\":\"WebPage\",\"@id\":\"https:\/\/spatialworld.fi\/fi\/17076-2-2-2-3\/\",\"url\":\"https:\/\/spatialworld.fi\/fi\/17076-2-2-2-3\/\",\"name\":\"RaspberryPi - Spatialworld Oy\",\"isPartOf\":{\"@id\":\"https:\/\/spatialworld.fi\/fi\/#website\"},\"datePublished\":\"2025-01-29T09:19:53+00:00\",\"dateModified\":\"2025-02-05T15:11:04+00:00\",\"breadcrumb\":{\"@id\":\"https:\/\/spatialworld.fi\/fi\/17076-2-2-2-3\/#breadcrumb\"},\"inLanguage\":\"fi\",\"potentialAction\":[{\"@type\":\"ReadAction\",\"target\":[[\"https:\/\/spatialworld.fi\/fi\/17076-2-2-2-3\/\"]]}]},{\"@type\":\"BreadcrumbList\",\"@id\":\"https:\/\/spatialworld.fi\/fi\/17076-2-2-2-3\/#breadcrumb\",\"itemListElement\":[{\"@type\":\"ListItem\",\"position\":1,\"name\":\"Home\",\"item\":\"https:\/\/spatialworld.fi\/fi\/\"},{\"@type\":\"ListItem\",\"position\":2,\"name\":\"RaspberryPi\"}]},{\"@type\":\"WebSite\",\"@id\":\"https:\/\/spatialworld.fi\/fi\/#website\",\"url\":\"https:\/\/spatialworld.fi\/fi\/\",\"name\":\"Spatialworld Oy\",\"description\":\"\",\"potentialAction\":[{\"@type\":\"SearchAction\",\"target\":{\"@type\":\"EntryPoint\",\"urlTemplate\":\"https:\/\/spatialworld.fi\/fi\/?s={search_term_string}\"},\"query-input\":{\"@type\":\"PropertyValueSpecification\",\"valueRequired\":true,\"valueName\":\"search_term_string\"}}],\"inLanguage\":\"fi\"}]}<\/script>\n<!-- \/ Yoast SEO plugin. -->","yoast_head_json":{"title":"RaspberryPi - Spatialworld Oy","robots":{"index":"index","follow":"follow","max-snippet":"max-snippet:-1","max-image-preview":"max-image-preview:large","max-video-preview":"max-video-preview:-1"},"canonical":"https:\/\/spatialworld.fi\/fi\/17076-2-2-2-3\/","og_locale":"fi_FI","og_type":"article","og_title":"RaspberryPi - Spatialworld Oy","og_description":"[vc_row type=&#8221;in_container&#8221; full_screen_row_position=&#8221;middle&#8221; column_margin=&#8221;default&#8221; column_direction=&#8221;default&#8221; column_direction_tablet=&#8221;default&#8221; column_direction_phone=&#8221;default&#8221; scene_position=&#8221;center&#8221; text_color=&#8221;dark&#8221; text_align=&#8221;left&#8221; row_border_radius=&#8221;none&#8221; row_border_radius_applies=&#8221;bg&#8221; overflow=&#8221;visible&#8221; overlay_strength=&#8221;0.3&#8243; gradient_direction=&#8221;left_to_right&#8221; shape_divider_position=&#8221;bottom&#8221; bg_image_animation=&#8221;none&#8221;][vc_column column_padding=&#8221;no-extra-padding&#8221; column_padding_tablet=&#8221;inherit&#8221; column_padding_phone=&#8221;inherit&#8221; column_padding_position=&#8221;all&#8221; column_element_direction_desktop=&#8221;default&#8221; column_element_spacing=&#8221;default&#8221; desktop_text_alignment=&#8221;default&#8221; tablet_text_alignment=&#8221;default&#8221; phone_text_alignment=&#8221;default&#8221; background_color_opacity=&#8221;1&#8243; background_hover_color_opacity=&#8221;1&#8243; column_backdrop_filter=&#8221;none&#8221; column_shadow=&#8221;none&#8221;...","og_url":"https:\/\/spatialworld.fi\/fi\/17076-2-2-2-3\/","og_site_name":"Spatialworld Oy","article_modified_time":"2025-02-05T15:11:04+00:00","twitter_misc":{"Arvioitu lukuaika":"4 minuuttia"},"schema":{"@context":"https:\/\/schema.org","@graph":[{"@type":"WebPage","@id":"https:\/\/spatialworld.fi\/fi\/17076-2-2-2-3\/","url":"https:\/\/spatialworld.fi\/fi\/17076-2-2-2-3\/","name":"RaspberryPi - Spatialworld Oy","isPartOf":{"@id":"https:\/\/spatialworld.fi\/fi\/#website"},"datePublished":"2025-01-29T09:19:53+00:00","dateModified":"2025-02-05T15:11:04+00:00","breadcrumb":{"@id":"https:\/\/spatialworld.fi\/fi\/17076-2-2-2-3\/#breadcrumb"},"inLanguage":"fi","potentialAction":[{"@type":"ReadAction","target":[["https:\/\/spatialworld.fi\/fi\/17076-2-2-2-3\/"]]}]},{"@type":"BreadcrumbList","@id":"https:\/\/spatialworld.fi\/fi\/17076-2-2-2-3\/#breadcrumb","itemListElement":[{"@type":"ListItem","position":1,"name":"Home","item":"https:\/\/spatialworld.fi\/fi\/"},{"@type":"ListItem","position":2,"name":"RaspberryPi"}]},{"@type":"WebSite","@id":"https:\/\/spatialworld.fi\/fi\/#website","url":"https:\/\/spatialworld.fi\/fi\/","name":"Spatialworld Oy","description":"","potentialAction":[{"@type":"SearchAction","target":{"@type":"EntryPoint","urlTemplate":"https:\/\/spatialworld.fi\/fi\/?s={search_term_string}"},"query-input":{"@type":"PropertyValueSpecification","valueRequired":true,"valueName":"search_term_string"}}],"inLanguage":"fi"}]}},"_links":{"self":[{"href":"https:\/\/spatialworld.fi\/fi\/wp-json\/wp\/v2\/pages\/17127","targetHints":{"allow":["GET"]}}],"collection":[{"href":"https:\/\/spatialworld.fi\/fi\/wp-json\/wp\/v2\/pages"}],"about":[{"href":"https:\/\/spatialworld.fi\/fi\/wp-json\/wp\/v2\/types\/page"}],"author":[{"embeddable":true,"href":"https:\/\/spatialworld.fi\/fi\/wp-json\/wp\/v2\/users\/6"}],"replies":[{"embeddable":true,"href":"https:\/\/spatialworld.fi\/fi\/wp-json\/wp\/v2\/comments?post=17127"}],"version-history":[{"count":7,"href":"https:\/\/spatialworld.fi\/fi\/wp-json\/wp\/v2\/pages\/17127\/revisions"}],"predecessor-version":[{"id":17304,"href":"https:\/\/spatialworld.fi\/fi\/wp-json\/wp\/v2\/pages\/17127\/revisions\/17304"}],"wp:attachment":[{"href":"https:\/\/spatialworld.fi\/fi\/wp-json\/wp\/v2\/media?parent=17127"}],"curies":[{"name":"wp","href":"https:\/\/api.w.org\/{rel}","templated":true}]}}