{"id":184,"date":"2014-05-07T11:49:42","date_gmt":"2014-05-07T08:49:42","guid":{"rendered":"http:\/\/helppia.fi\/spatialworld\/?page_id=184"},"modified":"2025-06-19T15:35:25","modified_gmt":"2025-06-19T12:35:25","slug":"geo-spatial-analysis","status":"publish","type":"page","link":"https:\/\/spatialworld.fi\/en\/smallworld\/geo-spatial-analysis\/","title":{"rendered":"GeoSpatial Analysis"},"content":{"rendered":"[vc_row type=&#8221;in_container&#8221; full_screen_row_position=&#8221;middle&#8221; column_margin=&#8221;default&#8221; column_direction=&#8221;default&#8221; column_direction_tablet=&#8221;default&#8221; column_direction_phone=&#8221;default&#8221; scene_position=&#8221;center&#8221; text_color=&#8221;dark&#8221; text_align=&#8221;left&#8221; row_border_radius=&#8221;none&#8221; row_border_radius_applies=&#8221;bg&#8221; overflow=&#8221;visible&#8221; overlay_strength=&#8221;0.3&#8243; gradient_direction=&#8221;left_to_right&#8221; shape_divider_position=&#8221;bottom&#8221; bg_image_animation=&#8221;none&#8221;][vc_column column_padding=&#8221;no-extra-padding&#8221; column_padding_tablet=&#8221;inherit&#8221; column_padding_phone=&#8221;inherit&#8221; column_padding_position=&#8221;all&#8221; column_element_direction_desktop=&#8221;default&#8221; column_element_spacing=&#8221;default&#8221; desktop_text_alignment=&#8221;default&#8221; tablet_text_alignment=&#8221;default&#8221; phone_text_alignment=&#8221;default&#8221; background_color_opacity=&#8221;1&#8243; background_hover_color_opacity=&#8221;1&#8243; column_backdrop_filter=&#8221;none&#8221; column_shadow=&#8221;none&#8221; column_border_radius=&#8221;none&#8221; column_link_target=&#8221;_self&#8221; column_position=&#8221;default&#8221; gradient_direction=&#8221;left_to_right&#8221; overlay_strength=&#8221;0.3&#8243; width=&#8221;1\/1&#8243; tablet_width_inherit=&#8221;default&#8221; animation_type=&#8221;default&#8221; bg_image_animation=&#8221;none&#8221; border_type=&#8221;simple&#8221; column_border_width=&#8221;none&#8221; column_border_style=&#8221;solid&#8221;][vc_column_text css=&#8221;&#8221; text_direction=&#8221;default&#8221;]\n<h3>Smallworld GeoSpatial Analysis<\/h3>\n<p>Smallworld GeoSpatial Analysis&#x2122; is easy to use Business Intelligence \u00a0-product from GE Vernova.<\/p>\n<p>Smallworld GeoSpatial Analysis offers easy and efficient access to data from distinct, distributed spatial and non-spatial systems. Data can be combined from different sources with other data in real time.<\/p>\n<p>Information can be transformed for analysis into business objects which may include also derived information. Result can be visualised on top of a map or as a report or a combinations of these.<\/p>\n<p>Repeatable analysis can be shared across the enterprise, empowering a wide range of users with visualization, query, analysis and reporting capabilities using GeoSpatial Analysis program, \u00a0on a browser as web-application or just a as an interface service (e.g. WMS,WFS,WMTS, OData).<\/p>\n<p>Analysis results can be stored in Data Warehouse -database for wider analyses and historical time-based insights like how network infrastructure has developed over time to aid of planning network extensions, inspections, and maintenance tasks.<\/p>\n<p><a href=\"https:\/\/spatialworld.fi\/wp-content\/uploads\/2022\/02\/geospatial-analysis.jpg\"><img loading=\"lazy\" decoding=\"async\" class=\"aligncenter wp-image-5162 size-full\" src=\"https:\/\/spatialworld.fi\/wp-content\/uploads\/2022\/02\/geospatial-analysis.jpg\" alt=\"\" width=\"491\" height=\"276\" srcset=\"https:\/\/spatialworld.fi\/wp-content\/uploads\/2022\/02\/geospatial-analysis.jpg 491w, https:\/\/spatialworld.fi\/wp-content\/uploads\/2022\/02\/geospatial-analysis-300x169.jpg 300w\" sizes=\"auto, (max-width: 491px) 100vw, 491px\" \/><\/a><\/p>\n<p><a href=\"https:\/\/www.gevernova.com\/software\/products\/geospatial-network-management-smallworld-gis\">https:\/\/www.gevernova.com\/software\/products\/geospatial-network-management-smallworld-gis<\/a>[\/vc_column_text][\/vc_column][\/vc_row]","protected":false},"excerpt":{"rendered":"<p>[vc_row type=&#8221;in_container&#8221; full_screen_row_position=&#8221;middle&#8221; column_margin=&#8221;default&#8221; column_direction=&#8221;default&#8221; column_direction_tablet=&#8221;default&#8221; column_direction_phone=&#8221;default&#8221; scene_position=&#8221;center&#8221; text_color=&#8221;dark&#8221; text_align=&#8221;left&#8221; row_border_radius=&#8221;none&#8221; row_border_radius_applies=&#8221;bg&#8221; overflow=&#8221;visible&#8221; overlay_strength=&#8221;0.3&#8243; gradient_direction=&#8221;left_to_right&#8221; shape_divider_position=&#8221;bottom&#8221; bg_image_animation=&#8221;none&#8221;][vc_column column_padding=&#8221;no-extra-padding&#8221; column_padding_tablet=&#8221;inherit&#8221; column_padding_phone=&#8221;inherit&#8221; column_padding_position=&#8221;all&#8221; column_element_direction_desktop=&#8221;default&#8221; column_element_spacing=&#8221;default&#8221; desktop_text_alignment=&#8221;default&#8221; tablet_text_alignment=&#8221;default&#8221; phone_text_alignment=&#8221;default&#8221; background_color_opacity=&#8221;1&#8243; background_hover_color_opacity=&#8221;1&#8243; column_backdrop_filter=&#8221;none&#8221; column_shadow=&#8221;none&#8221;&#8230;<\/p>\n","protected":false},"author":2,"featured_media":0,"parent":10,"menu_order":3,"comment_status":"open","ping_status":"closed","template":"","meta":{"footnotes":""},"class_list":["post-184","page","type-page","status-publish"],"yoast_head":"<!-- This site is optimized with the Yoast SEO plugin v27.4 - https:\/\/yoast.com\/product\/yoast-seo-wordpress\/ -->\n<title>GeoSpatial Analysis<\/title>\n<meta name=\"description\" content=\"Smallworld GeoSpatial Analysis\u2122 on uusi ja helppok\u00e4ytt\u00f6inen business intelligence-tuote GE Energylt\u00e4. Smallworld tuoteperheen oleellinen osa, Smallworld GeoSpatial Analysis, tarjoaa helpon ja tehokkaan p\u00e4\u00e4syn spatiaalisten ja ei spatiaalisten j\u00e4rjestelmien erilliseen ja jaettuun tietoon. Smallworld GeoSpatial Analysis\u2122 is a new, exciting, and easy to use business intelligence product from GE Energy. An integral part of the Smallworld product suite, Smallworld GeoSpatial Analysis offers easy and efficient access to data from distinct, distributed spatial and non-spatial systems. Smallworld Geospatial Analysis\u2122 \u00e4r ett ny, sp\u00e4nnande och l\u00e4ttanv\u00e4nd business intelligence produkt fr\u00e5n GE Energy. Smallworld Geospatial Analys \u00e4r en integrerad del av Smallworld produktsvit och erbjuder enkel och effektiv tillg\u00e5ng till geografisk och icke- geografisk data fr\u00e5n olika k\u00e4llor.\" \/>\n<meta name=\"robots\" content=\"index, follow, max-snippet:-1, max-image-preview:large, max-video-preview:-1\" \/>\n<link rel=\"canonical\" href=\"https:\/\/spatialworld.fi\/en\/smallworld\/geo-spatial-analysis\/\" \/>\n<meta property=\"og:locale\" content=\"en_US\" \/>\n<meta property=\"og:type\" content=\"article\" \/>\n<meta property=\"og:title\" content=\"GeoSpatial Analysis\" \/>\n<meta property=\"og:description\" content=\"Smallworld GeoSpatial Analysis\u2122 on uusi ja helppok\u00e4ytt\u00f6inen business intelligence-tuote GE Energylt\u00e4. Smallworld tuoteperheen oleellinen osa, Smallworld GeoSpatial Analysis, tarjoaa helpon ja tehokkaan p\u00e4\u00e4syn spatiaalisten ja ei spatiaalisten j\u00e4rjestelmien erilliseen ja jaettuun tietoon. Smallworld GeoSpatial Analysis\u2122 is a new, exciting, and easy to use business intelligence product from GE Energy. An integral part of the Smallworld product suite, Smallworld GeoSpatial Analysis offers easy and efficient access to data from distinct, distributed spatial and non-spatial systems. Smallworld Geospatial Analysis\u2122 \u00e4r ett ny, sp\u00e4nnande och l\u00e4ttanv\u00e4nd business intelligence produkt fr\u00e5n GE Energy. Smallworld Geospatial Analys \u00e4r en integrerad del av Smallworld produktsvit och erbjuder enkel och effektiv tillg\u00e5ng till geografisk och icke- geografisk data fr\u00e5n olika k\u00e4llor.\" \/>\n<meta property=\"og:url\" content=\"https:\/\/spatialworld.fi\/en\/smallworld\/geo-spatial-analysis\/\" \/>\n<meta property=\"og:site_name\" content=\"Spatialworld Oy\" \/>\n<meta property=\"article:modified_time\" content=\"2025-06-19T12:35:25+00:00\" \/>\n<meta property=\"og:image\" content=\"https:\/\/spatialworld.fi\/wp-content\/uploads\/2022\/02\/geospatial-analysis.jpg\" \/>\n\t<meta property=\"og:image:width\" content=\"491\" \/>\n\t<meta property=\"og:image:height\" content=\"276\" \/>\n\t<meta property=\"og:image:type\" content=\"image\/jpeg\" \/>\n<meta name=\"twitter:label1\" content=\"Est. reading time\" \/>\n\t<meta name=\"twitter:data1\" content=\"1 minute\" \/>\n<script type=\"application\/ld+json\" class=\"yoast-schema-graph\">{\"@context\":\"https:\\\/\\\/schema.org\",\"@graph\":[{\"@type\":\"WebPage\",\"@id\":\"https:\\\/\\\/spatialworld.fi\\\/en\\\/smallworld\\\/geo-spatial-analysis\\\/\",\"url\":\"https:\\\/\\\/spatialworld.fi\\\/en\\\/smallworld\\\/geo-spatial-analysis\\\/\",\"name\":\"GeoSpatial Analysis\",\"isPartOf\":{\"@id\":\"https:\\\/\\\/spatialworld.fi\\\/en\\\/#website\"},\"primaryImageOfPage\":{\"@id\":\"https:\\\/\\\/spatialworld.fi\\\/en\\\/smallworld\\\/geo-spatial-analysis\\\/#primaryimage\"},\"image\":{\"@id\":\"https:\\\/\\\/spatialworld.fi\\\/smallworld\\\/geo-spatial-analysis\\\/#primaryimage\"},\"thumbnailUrl\":\"https:\\\/\\\/spatialworld.fi\\\/wp-content\\\/uploads\\\/2022\\\/02\\\/geospatial-analysis.jpg\",\"datePublished\":\"2014-05-07T08:49:42+00:00\",\"dateModified\":\"2025-06-19T12:35:25+00:00\",\"description\":\"Smallworld GeoSpatial Analysis\u2122 on uusi ja helppok\u00e4ytt\u00f6inen business intelligence-tuote GE Energylt\u00e4. Smallworld tuoteperheen oleellinen osa, Smallworld GeoSpatial Analysis, tarjoaa helpon ja tehokkaan p\u00e4\u00e4syn spatiaalisten ja ei spatiaalisten j\u00e4rjestelmien erilliseen ja jaettuun tietoon. Smallworld GeoSpatial Analysis\u2122 is a new, exciting, and easy to use business intelligence product from GE Energy. An integral part of the Smallworld product suite, Smallworld GeoSpatial Analysis offers easy and efficient access to data from distinct, distributed spatial and non-spatial systems. Smallworld Geospatial Analysis\u2122 \u00e4r ett ny, sp\u00e4nnande och l\u00e4ttanv\u00e4nd business intelligence produkt fr\u00e5n GE Energy. Smallworld Geospatial Analys \u00e4r en integrerad del av Smallworld produktsvit och erbjuder enkel och effektiv tillg\u00e5ng till geografisk och icke- geografisk data fr\u00e5n olika k\u00e4llor.\",\"breadcrumb\":{\"@id\":\"https:\\\/\\\/spatialworld.fi\\\/en\\\/smallworld\\\/geo-spatial-analysis\\\/#breadcrumb\"},\"inLanguage\":\"en-US\",\"potentialAction\":[{\"@type\":\"ReadAction\",\"target\":[[\"https:\\\/\\\/spatialworld.fi\\\/en\\\/smallworld\\\/geo-spatial-analysis\\\/\"]]}]},{\"@type\":\"ImageObject\",\"inLanguage\":\"en-US\",\"@id\":\"https:\\\/\\\/spatialworld.fi\\\/en\\\/smallworld\\\/geo-spatial-analysis\\\/#primaryimage\",\"url\":\"https:\\\/\\\/spatialworld.fi\\\/wp-content\\\/uploads\\\/2022\\\/02\\\/geospatial-analysis.jpg\",\"contentUrl\":\"https:\\\/\\\/spatialworld.fi\\\/wp-content\\\/uploads\\\/2022\\\/02\\\/geospatial-analysis.jpg\"},{\"@type\":\"BreadcrumbList\",\"@id\":\"https:\\\/\\\/spatialworld.fi\\\/en\\\/smallworld\\\/geo-spatial-analysis\\\/#breadcrumb\",\"itemListElement\":[{\"@type\":\"ListItem\",\"position\":1,\"name\":\"Home\",\"item\":\"https:\\\/\\\/spatialworld.fi\\\/en\\\/\"},{\"@type\":\"ListItem\",\"position\":2,\"name\":\"Smallworld\",\"item\":\"https:\\\/\\\/spatialworld.fi\\\/en\\\/smallworld\\\/\"},{\"@type\":\"ListItem\",\"position\":3,\"name\":\"GeoSpatial Analysis\"}]},{\"@type\":\"WebSite\",\"@id\":\"https:\\\/\\\/spatialworld.fi\\\/en\\\/#website\",\"url\":\"https:\\\/\\\/spatialworld.fi\\\/en\\\/\",\"name\":\"Spatialworld Oy\",\"description\":\"\",\"potentialAction\":[{\"@type\":\"SearchAction\",\"target\":{\"@type\":\"EntryPoint\",\"urlTemplate\":\"https:\\\/\\\/spatialworld.fi\\\/en\\\/?s={search_term_string}\"},\"query-input\":{\"@type\":\"PropertyValueSpecification\",\"valueRequired\":true,\"valueName\":\"search_term_string\"}}],\"inLanguage\":\"en-US\"}]}<\/script>\n<!-- \/ Yoast SEO plugin. -->","yoast_head_json":{"title":"GeoSpatial Analysis","description":"Smallworld GeoSpatial Analysis\u2122 on uusi ja helppok\u00e4ytt\u00f6inen business intelligence-tuote GE Energylt\u00e4. Smallworld tuoteperheen oleellinen osa, Smallworld GeoSpatial Analysis, tarjoaa helpon ja tehokkaan p\u00e4\u00e4syn spatiaalisten ja ei spatiaalisten j\u00e4rjestelmien erilliseen ja jaettuun tietoon. Smallworld GeoSpatial Analysis\u2122 is a new, exciting, and easy to use business intelligence product from GE Energy. An integral part of the Smallworld product suite, Smallworld GeoSpatial Analysis offers easy and efficient access to data from distinct, distributed spatial and non-spatial systems. Smallworld Geospatial Analysis\u2122 \u00e4r ett ny, sp\u00e4nnande och l\u00e4ttanv\u00e4nd business intelligence produkt fr\u00e5n GE Energy. Smallworld Geospatial Analys \u00e4r en integrerad del av Smallworld produktsvit och erbjuder enkel och effektiv tillg\u00e5ng till geografisk och icke- geografisk data fr\u00e5n olika k\u00e4llor.","robots":{"index":"index","follow":"follow","max-snippet":"max-snippet:-1","max-image-preview":"max-image-preview:large","max-video-preview":"max-video-preview:-1"},"canonical":"https:\/\/spatialworld.fi\/en\/smallworld\/geo-spatial-analysis\/","og_locale":"en_US","og_type":"article","og_title":"GeoSpatial Analysis","og_description":"Smallworld GeoSpatial Analysis\u2122 on uusi ja helppok\u00e4ytt\u00f6inen business intelligence-tuote GE Energylt\u00e4. Smallworld tuoteperheen oleellinen osa, Smallworld GeoSpatial Analysis, tarjoaa helpon ja tehokkaan p\u00e4\u00e4syn spatiaalisten ja ei spatiaalisten j\u00e4rjestelmien erilliseen ja jaettuun tietoon. Smallworld GeoSpatial Analysis\u2122 is a new, exciting, and easy to use business intelligence product from GE Energy. An integral part of the Smallworld product suite, Smallworld GeoSpatial Analysis offers easy and efficient access to data from distinct, distributed spatial and non-spatial systems. Smallworld Geospatial Analysis\u2122 \u00e4r ett ny, sp\u00e4nnande och l\u00e4ttanv\u00e4nd business intelligence produkt fr\u00e5n GE Energy. Smallworld Geospatial Analys \u00e4r en integrerad del av Smallworld produktsvit och erbjuder enkel och effektiv tillg\u00e5ng till geografisk och icke- geografisk data fr\u00e5n olika k\u00e4llor.","og_url":"https:\/\/spatialworld.fi\/en\/smallworld\/geo-spatial-analysis\/","og_site_name":"Spatialworld Oy","article_modified_time":"2025-06-19T12:35:25+00:00","og_image":[{"width":491,"height":276,"url":"https:\/\/spatialworld.fi\/wp-content\/uploads\/2022\/02\/geospatial-analysis.jpg","type":"image\/jpeg"}],"twitter_misc":{"Est. reading time":"1 minute"},"schema":{"@context":"https:\/\/schema.org","@graph":[{"@type":"WebPage","@id":"https:\/\/spatialworld.fi\/en\/smallworld\/geo-spatial-analysis\/","url":"https:\/\/spatialworld.fi\/en\/smallworld\/geo-spatial-analysis\/","name":"GeoSpatial Analysis","isPartOf":{"@id":"https:\/\/spatialworld.fi\/en\/#website"},"primaryImageOfPage":{"@id":"https:\/\/spatialworld.fi\/en\/smallworld\/geo-spatial-analysis\/#primaryimage"},"image":{"@id":"https:\/\/spatialworld.fi\/smallworld\/geo-spatial-analysis\/#primaryimage"},"thumbnailUrl":"https:\/\/spatialworld.fi\/wp-content\/uploads\/2022\/02\/geospatial-analysis.jpg","datePublished":"2014-05-07T08:49:42+00:00","dateModified":"2025-06-19T12:35:25+00:00","description":"Smallworld GeoSpatial Analysis\u2122 on uusi ja helppok\u00e4ytt\u00f6inen business intelligence-tuote GE Energylt\u00e4. Smallworld tuoteperheen oleellinen osa, Smallworld GeoSpatial Analysis, tarjoaa helpon ja tehokkaan p\u00e4\u00e4syn spatiaalisten ja ei spatiaalisten j\u00e4rjestelmien erilliseen ja jaettuun tietoon. Smallworld GeoSpatial Analysis\u2122 is a new, exciting, and easy to use business intelligence product from GE Energy. An integral part of the Smallworld product suite, Smallworld GeoSpatial Analysis offers easy and efficient access to data from distinct, distributed spatial and non-spatial systems. Smallworld Geospatial Analysis\u2122 \u00e4r ett ny, sp\u00e4nnande och l\u00e4ttanv\u00e4nd business intelligence produkt fr\u00e5n GE Energy. Smallworld Geospatial Analys \u00e4r en integrerad del av Smallworld produktsvit och erbjuder enkel och effektiv tillg\u00e5ng till geografisk och icke- geografisk data fr\u00e5n olika k\u00e4llor.","breadcrumb":{"@id":"https:\/\/spatialworld.fi\/en\/smallworld\/geo-spatial-analysis\/#breadcrumb"},"inLanguage":"en-US","potentialAction":[{"@type":"ReadAction","target":[["https:\/\/spatialworld.fi\/en\/smallworld\/geo-spatial-analysis\/"]]}]},{"@type":"ImageObject","inLanguage":"en-US","@id":"https:\/\/spatialworld.fi\/en\/smallworld\/geo-spatial-analysis\/#primaryimage","url":"https:\/\/spatialworld.fi\/wp-content\/uploads\/2022\/02\/geospatial-analysis.jpg","contentUrl":"https:\/\/spatialworld.fi\/wp-content\/uploads\/2022\/02\/geospatial-analysis.jpg"},{"@type":"BreadcrumbList","@id":"https:\/\/spatialworld.fi\/en\/smallworld\/geo-spatial-analysis\/#breadcrumb","itemListElement":[{"@type":"ListItem","position":1,"name":"Home","item":"https:\/\/spatialworld.fi\/en\/"},{"@type":"ListItem","position":2,"name":"Smallworld","item":"https:\/\/spatialworld.fi\/en\/smallworld\/"},{"@type":"ListItem","position":3,"name":"GeoSpatial Analysis"}]},{"@type":"WebSite","@id":"https:\/\/spatialworld.fi\/en\/#website","url":"https:\/\/spatialworld.fi\/en\/","name":"Spatialworld Oy","description":"","potentialAction":[{"@type":"SearchAction","target":{"@type":"EntryPoint","urlTemplate":"https:\/\/spatialworld.fi\/en\/?s={search_term_string}"},"query-input":{"@type":"PropertyValueSpecification","valueRequired":true,"valueName":"search_term_string"}}],"inLanguage":"en-US"}]}},"_links":{"self":[{"href":"https:\/\/spatialworld.fi\/en\/wp-json\/wp\/v2\/pages\/184","targetHints":{"allow":["GET"]}}],"collection":[{"href":"https:\/\/spatialworld.fi\/en\/wp-json\/wp\/v2\/pages"}],"about":[{"href":"https:\/\/spatialworld.fi\/en\/wp-json\/wp\/v2\/types\/page"}],"author":[{"embeddable":true,"href":"https:\/\/spatialworld.fi\/en\/wp-json\/wp\/v2\/users\/2"}],"replies":[{"embeddable":true,"href":"https:\/\/spatialworld.fi\/en\/wp-json\/wp\/v2\/comments?post=184"}],"version-history":[{"count":22,"href":"https:\/\/spatialworld.fi\/en\/wp-json\/wp\/v2\/pages\/184\/revisions"}],"predecessor-version":[{"id":17732,"href":"https:\/\/spatialworld.fi\/en\/wp-json\/wp\/v2\/pages\/184\/revisions\/17732"}],"up":[{"embeddable":true,"href":"https:\/\/spatialworld.fi\/en\/wp-json\/wp\/v2\/pages\/10"}],"wp:attachment":[{"href":"https:\/\/spatialworld.fi\/en\/wp-json\/wp\/v2\/media?parent=184"}],"curies":[{"name":"wp","href":"https:\/\/api.w.org\/{rel}","templated":true}]}}